{"id":3010,"date":"2025-07-26T08:29:50","date_gmt":"2025-07-26T08:29:50","guid":{"rendered":"https:\/\/macronaturalsshop.com\/?post_type=product&#038;p=3010"},"modified":"2025-07-26T14:30:28","modified_gmt":"2025-07-26T14:30:28","slug":"prohtan-x3-100-caps","status":"publish","type":"product","link":"https:\/\/macronaturalsshop.com\/?product=prohtan-x3-100-caps","title":{"rendered":"Prohtan X3 100 Caps"},"content":{"rendered":"<p>Al favorecer el aumento de la inmunidad ayuda a la pr\u00f3stata cuando se encuentra inflamada por infecciones. La c\u00farcuma es un antiinflamatorio \u00fatil para la pr\u00f3stata ya que desinflama y reduce el n\u00famero de micciones en la pr\u00f3stata, adem\u00e1s es un antioxidante que desintoxica el organismo.<\/p>\n","protected":false},"excerpt":{"rendered":"<p>Efecto antioxidante que reducen la probabilidad de  desarrollar c\u00e1ncer de pr\u00f3stata.<br \/>\nCoadyuvante y antinflamatorio prost\u00e1tico.<\/p>\n","protected":false},"featured_media":3011,"comment_status":"open","ping_status":"closed","template":"","meta":[],"product_brand":[478],"product_cat":[382,440,379],"product_tag":[502,537,500,501,520,538,503],"class_list":{"0":"post-3010","1":"product","2":"type-product","3":"status-publish","4":"has-post-thumbnail","6":"product_brand-medical-herbal","7":"product_cat-antioxidante","8":"product_cat-hormonal-hombre","9":"product_cat-sistema-inmunologico","10":"product_tag-heredia","11":"product_tag-hombre","12":"product_tag-macrobiotica","13":"product_tag-natural","14":"product_tag-natural-shop","15":"product_tag-prostata","16":"product_tag-san-pablo","18":"first","19":"instock","20":"shipping-taxable","21":"purchasable","22":"product-type-simple"},"jetpack_sharing_enabled":true,"_links":{"self":[{"href":"https:\/\/macronaturalsshop.com\/index.php?rest_route=\/wp\/v2\/product\/3010"}],"collection":[{"href":"https:\/\/macronaturalsshop.com\/index.php?rest_route=\/wp\/v2\/product"}],"about":[{"href":"https:\/\/macronaturalsshop.com\/index.php?rest_route=\/wp\/v2\/types\/product"}],"replies":[{"embeddable":true,"href":"https:\/\/macronaturalsshop.com\/index.php?rest_route=%2Fwp%2Fv2%2Fcomments&post=3010"}],"wp:featuredmedia":[{"embeddable":true,"href":"https:\/\/macronaturalsshop.com\/index.php?rest_route=\/wp\/v2\/media\/3011"}],"wp:attachment":[{"href":"https:\/\/macronaturalsshop.com\/index.php?rest_route=%2Fwp%2Fv2%2Fmedia&parent=3010"}],"wp:term":[{"taxonomy":"product_brand","embeddable":true,"href":"https:\/\/macronaturalsshop.com\/index.php?rest_route=%2Fwp%2Fv2%2Fproduct_brand&post=3010"},{"taxonomy":"product_cat","embeddable":true,"href":"https:\/\/macronaturalsshop.com\/index.php?rest_route=%2Fwp%2Fv2%2Fproduct_cat&post=3010"},{"taxonomy":"product_tag","embeddable":true,"href":"https:\/\/macronaturalsshop.com\/index.php?rest_route=%2Fwp%2Fv2%2Fproduct_tag&post=3010"}],"curies":[{"name":"wp","href":"https:\/\/api.w.org\/{rel}","templated":true}]}}