{"id":3018,"date":"2025-08-16T01:40:38","date_gmt":"2025-08-16T01:40:38","guid":{"rendered":"https:\/\/macronaturalsshop.com\/?post_type=product&#038;p=3018"},"modified":"2025-08-16T21:18:34","modified_gmt":"2025-08-16T21:18:34","slug":"saw-palmetto-y-semillas-de-calabaza-90caps","status":"publish","type":"product","link":"https:\/\/macronaturalsshop.com\/?product=saw-palmetto-y-semillas-de-calabaza-90caps","title":{"rendered":"Saw Palmetto y Semillas de Calabaza"},"content":{"rendered":"<p>Saw palmetto es una planta medicinal de la especie Serenoa repens, que sirve para complementar el tratamiento de la impotencia sexual y de la hiperplasia prost\u00e1tica (agrandamiento de la pr\u00f3stata), adem\u00e1s de evitar la ca\u00edda del cabello.<br \/>\nEsta planta posee propiedades antiinflamatorias y antiandrog\u00e9nicas, lo que la convierte en una excelente opci\u00f3n para Suplementos Naturales enfocados en la prevenci\u00f3n.<br \/>\nLas semillas de calabaza aportan diversos beneficios para la salud, ayudando a mejorar el funcionamiento tanto del cerebro como del coraz\u00f3n, as\u00ed como favorecer la salud intestinal y disminuir la inflamaci\u00f3n en el organismo ocasionada por diversas enfermedades.<\/p>\n","protected":false},"excerpt":{"rendered":"<p>La combinaci\u00f3n de estos dos Suplementos Naturales lo convierte en una alternativa natural para la prevenci\u00f3n y combate de patolog\u00edas asociado a la Hiperplasia Prost\u00e1tica.<\/p>\n","protected":false},"featured_media":3020,"comment_status":"open","ping_status":"closed","template":"","meta":[],"product_brand":[481],"product_cat":[440],"product_tag":[502,500,501,520,538,503],"class_list":{"0":"post-3018","1":"product","2":"type-product","3":"status-publish","4":"has-post-thumbnail","6":"product_brand-natura-506","7":"product_cat-hormonal-hombre","8":"product_tag-heredia","9":"product_tag-macrobiotica","10":"product_tag-natural","11":"product_tag-natural-shop","12":"product_tag-prostata","13":"product_tag-san-pablo","15":"first","16":"instock","17":"shipping-taxable","18":"purchasable","19":"product-type-simple"},"jetpack_sharing_enabled":true,"_links":{"self":[{"href":"https:\/\/macronaturalsshop.com\/index.php?rest_route=\/wp\/v2\/product\/3018"}],"collection":[{"href":"https:\/\/macronaturalsshop.com\/index.php?rest_route=\/wp\/v2\/product"}],"about":[{"href":"https:\/\/macronaturalsshop.com\/index.php?rest_route=\/wp\/v2\/types\/product"}],"replies":[{"embeddable":true,"href":"https:\/\/macronaturalsshop.com\/index.php?rest_route=%2Fwp%2Fv2%2Fcomments&post=3018"}],"wp:featuredmedia":[{"embeddable":true,"href":"https:\/\/macronaturalsshop.com\/index.php?rest_route=\/wp\/v2\/media\/3020"}],"wp:attachment":[{"href":"https:\/\/macronaturalsshop.com\/index.php?rest_route=%2Fwp%2Fv2%2Fmedia&parent=3018"}],"wp:term":[{"taxonomy":"product_brand","embeddable":true,"href":"https:\/\/macronaturalsshop.com\/index.php?rest_route=%2Fwp%2Fv2%2Fproduct_brand&post=3018"},{"taxonomy":"product_cat","embeddable":true,"href":"https:\/\/macronaturalsshop.com\/index.php?rest_route=%2Fwp%2Fv2%2Fproduct_cat&post=3018"},{"taxonomy":"product_tag","embeddable":true,"href":"https:\/\/macronaturalsshop.com\/index.php?rest_route=%2Fwp%2Fv2%2Fproduct_tag&post=3018"}],"curies":[{"name":"wp","href":"https:\/\/api.w.org\/{rel}","templated":true}]}}