{"id":3035,"date":"2025-09-21T07:01:24","date_gmt":"2025-09-21T07:01:24","guid":{"rendered":"https:\/\/macronaturalsshop.com\/?post_type=product&#038;p=3035"},"modified":"2025-09-22T01:32:16","modified_gmt":"2025-09-22T01:32:16","slug":"luteimax","status":"publish","type":"product","link":"https:\/\/macronaturalsshop.com\/?product=luteimax","title":{"rendered":"Luteimax"},"content":{"rendered":"<p>LUTEIMAX es un complemento a base de Lute\u00edna y Zeaxantina presentes en la retina, combinado con vitaminas y minerales que aportan salud ocular.<br \/>\nPosee vitaminas antioxidantes A, C y E que protegen del envejecimiento celular.<br \/>\nAporta Zinc un mineral oftalmoprotector por su efecto antioxidante.<br \/>\nAcci\u00f3n protectora contra la acci\u00f3n de rayos UV y la luz de aparatos tecnol\u00f3gicos.<br \/>\nAyuda en la protecci\u00f3n del cristalino de nuestros ojos previniendo la aparici\u00f3n de cataratas.<\/p>\n","protected":false},"excerpt":{"rendered":"<p>Ayuda en el mantenimiento de la retina, previniendo el compromiso de la visi\u00f3n.<br \/>\nAyuda a retrasar la p\u00e9rdida de visi\u00f3n.<\/p>\n","protected":false},"featured_media":3036,"comment_status":"open","ping_status":"closed","template":"","meta":[],"product_brand":[477],"product_cat":[398],"product_tag":[502,500,545,501,520,503,551],"class_list":{"0":"post-3035","1":"product","2":"type-product","3":"status-publish","4":"has-post-thumbnail","6":"product_brand-maxinutri","7":"product_cat-vit-y-min","8":"product_tag-heredia","9":"product_tag-macrobiotica","10":"product_tag-multivitaminico","11":"product_tag-natural","12":"product_tag-natural-shop","13":"product_tag-san-pablo","14":"product_tag-vista","16":"first","17":"instock","18":"shipping-taxable","19":"purchasable","20":"product-type-simple"},"jetpack_sharing_enabled":true,"_links":{"self":[{"href":"https:\/\/macronaturalsshop.com\/index.php?rest_route=\/wp\/v2\/product\/3035"}],"collection":[{"href":"https:\/\/macronaturalsshop.com\/index.php?rest_route=\/wp\/v2\/product"}],"about":[{"href":"https:\/\/macronaturalsshop.com\/index.php?rest_route=\/wp\/v2\/types\/product"}],"replies":[{"embeddable":true,"href":"https:\/\/macronaturalsshop.com\/index.php?rest_route=%2Fwp%2Fv2%2Fcomments&post=3035"}],"wp:featuredmedia":[{"embeddable":true,"href":"https:\/\/macronaturalsshop.com\/index.php?rest_route=\/wp\/v2\/media\/3036"}],"wp:attachment":[{"href":"https:\/\/macronaturalsshop.com\/index.php?rest_route=%2Fwp%2Fv2%2Fmedia&parent=3035"}],"wp:term":[{"taxonomy":"product_brand","embeddable":true,"href":"https:\/\/macronaturalsshop.com\/index.php?rest_route=%2Fwp%2Fv2%2Fproduct_brand&post=3035"},{"taxonomy":"product_cat","embeddable":true,"href":"https:\/\/macronaturalsshop.com\/index.php?rest_route=%2Fwp%2Fv2%2Fproduct_cat&post=3035"},{"taxonomy":"product_tag","embeddable":true,"href":"https:\/\/macronaturalsshop.com\/index.php?rest_route=%2Fwp%2Fv2%2Fproduct_tag&post=3035"}],"curies":[{"name":"wp","href":"https:\/\/api.w.org\/{rel}","templated":true}]}}