{"id":3037,"date":"2025-08-16T01:15:50","date_gmt":"2025-08-16T01:15:50","guid":{"rendered":"https:\/\/macronaturalsshop.com\/?post_type=product&#038;p=3037"},"modified":"2025-08-16T19:00:02","modified_gmt":"2025-08-16T19:00:02","slug":"betacaroteno-7500iu-100sg","status":"publish","type":"product","link":"https:\/\/macronaturalsshop.com\/?product=betacaroteno-7500iu-100sg","title":{"rendered":"Betacaroteno 7500 U.I"},"content":{"rendered":"<p>El Betacaroteno es tambi\u00e9n conocido como Pro-vitamina A. Es fundamental para la buena salud de la vista. Act\u00faa como pro vitamina A sin riesgos de acumulaci\u00f3n, ya que el organismo la produce, desde el Betacaroteno, en la medida que la requiera. Antioxidante, reduciendo la toxicidad oxidativa en los tejidos internos del cuerpo humano. Ayuda al mantenimiento del cutis previniendo su resecamiento y envejecimiento prematuro, queratinizaci\u00f3n de la piel, acn\u00e9, entre otros.<\/p>\n","protected":false},"excerpt":{"rendered":"<p>El Betacaroteno es \u00fatil en el mantenimiento de una piel sana, previniendo la resequedad y el envejecimiento prematuro. Contribuye al mantenimiento de la visi\u00f3n en condiciones normales.<\/p>\n","protected":false},"featured_media":5045,"comment_status":"open","ping_status":"closed","template":"","meta":[],"product_brand":[482],"product_cat":[408],"product_tag":[502,500,501,520,509,503],"class_list":{"0":"post-3037","1":"product","2":"type-product","3":"status-publish","4":"has-post-thumbnail","6":"product_brand-natural-system","7":"product_cat-cuidado-personal","8":"product_tag-heredia","9":"product_tag-macrobiotica","10":"product_tag-natural","11":"product_tag-natural-shop","12":"product_tag-piel","13":"product_tag-san-pablo","15":"first","16":"instock","17":"shipping-taxable","18":"purchasable","19":"product-type-simple"},"jetpack_sharing_enabled":true,"_links":{"self":[{"href":"https:\/\/macronaturalsshop.com\/index.php?rest_route=\/wp\/v2\/product\/3037"}],"collection":[{"href":"https:\/\/macronaturalsshop.com\/index.php?rest_route=\/wp\/v2\/product"}],"about":[{"href":"https:\/\/macronaturalsshop.com\/index.php?rest_route=\/wp\/v2\/types\/product"}],"replies":[{"embeddable":true,"href":"https:\/\/macronaturalsshop.com\/index.php?rest_route=%2Fwp%2Fv2%2Fcomments&post=3037"}],"wp:featuredmedia":[{"embeddable":true,"href":"https:\/\/macronaturalsshop.com\/index.php?rest_route=\/wp\/v2\/media\/5045"}],"wp:attachment":[{"href":"https:\/\/macronaturalsshop.com\/index.php?rest_route=%2Fwp%2Fv2%2Fmedia&parent=3037"}],"wp:term":[{"taxonomy":"product_brand","embeddable":true,"href":"https:\/\/macronaturalsshop.com\/index.php?rest_route=%2Fwp%2Fv2%2Fproduct_brand&post=3037"},{"taxonomy":"product_cat","embeddable":true,"href":"https:\/\/macronaturalsshop.com\/index.php?rest_route=%2Fwp%2Fv2%2Fproduct_cat&post=3037"},{"taxonomy":"product_tag","embeddable":true,"href":"https:\/\/macronaturalsshop.com\/index.php?rest_route=%2Fwp%2Fv2%2Fproduct_tag&post=3037"}],"curies":[{"name":"wp","href":"https:\/\/api.w.org\/{rel}","templated":true}]}}