{"id":3043,"date":"2025-09-06T02:00:11","date_gmt":"2025-09-06T02:00:11","guid":{"rendered":"https:\/\/macronaturalsshop.com\/?post_type=product&#038;p=3043"},"modified":"2025-09-06T19:57:07","modified_gmt":"2025-09-06T19:57:07","slug":"neen-90cap-fitosana","status":"publish","type":"product","link":"https:\/\/macronaturalsshop.com\/?product=neen-90cap-fitosana","title":{"rendered":"Neen Fitosana"},"content":{"rendered":"<p>El neem posee una cantidad de propiedades: antiinflamatorias, antibacterianas, antihongos, analg\u00e9sicos, fortalece el sistema inmunol\u00f3gico, desintoxica la sangre. Adem\u00e1s, lo puedes usar para combatir, la caspa, mejora la visi\u00f3n<\/p>\n","protected":false},"excerpt":{"rendered":"<p>Coadyuvante en casos de dermatitis, afecciones en la piel, alergias y ulceras<br \/>\n\u00datil como purificador sangu\u00edneo y para problemas de h\u00edgado graso<\/p>\n","protected":false},"featured_media":3574,"comment_status":"open","ping_status":"closed","template":"","meta":[],"product_brand":[483],"product_cat":[393],"product_tag":[502,501,520,509,503],"class_list":{"0":"post-3043","1":"product","2":"type-product","3":"status-publish","4":"has-post-thumbnail","6":"product_brand-naturvit","7":"product_cat-energia","8":"product_tag-heredia","9":"product_tag-natural","10":"product_tag-natural-shop","11":"product_tag-piel","12":"product_tag-san-pablo","14":"first","15":"instock","16":"shipping-taxable","17":"purchasable","18":"product-type-simple"},"jetpack_sharing_enabled":true,"_links":{"self":[{"href":"https:\/\/macronaturalsshop.com\/index.php?rest_route=\/wp\/v2\/product\/3043"}],"collection":[{"href":"https:\/\/macronaturalsshop.com\/index.php?rest_route=\/wp\/v2\/product"}],"about":[{"href":"https:\/\/macronaturalsshop.com\/index.php?rest_route=\/wp\/v2\/types\/product"}],"replies":[{"embeddable":true,"href":"https:\/\/macronaturalsshop.com\/index.php?rest_route=%2Fwp%2Fv2%2Fcomments&post=3043"}],"wp:featuredmedia":[{"embeddable":true,"href":"https:\/\/macronaturalsshop.com\/index.php?rest_route=\/wp\/v2\/media\/3574"}],"wp:attachment":[{"href":"https:\/\/macronaturalsshop.com\/index.php?rest_route=%2Fwp%2Fv2%2Fmedia&parent=3043"}],"wp:term":[{"taxonomy":"product_brand","embeddable":true,"href":"https:\/\/macronaturalsshop.com\/index.php?rest_route=%2Fwp%2Fv2%2Fproduct_brand&post=3043"},{"taxonomy":"product_cat","embeddable":true,"href":"https:\/\/macronaturalsshop.com\/index.php?rest_route=%2Fwp%2Fv2%2Fproduct_cat&post=3043"},{"taxonomy":"product_tag","embeddable":true,"href":"https:\/\/macronaturalsshop.com\/index.php?rest_route=%2Fwp%2Fv2%2Fproduct_tag&post=3043"}],"curies":[{"name":"wp","href":"https:\/\/api.w.org\/{rel}","templated":true}]}}