{"id":3046,"date":"2025-09-06T02:05:54","date_gmt":"2025-09-06T02:05:54","guid":{"rendered":"https:\/\/macronaturalsshop.com\/?post_type=product&#038;p=3046"},"modified":"2025-09-06T20:04:42","modified_gmt":"2025-09-06T20:04:42","slug":"acnone-60-capsulsas","status":"publish","type":"product","link":"https:\/\/macronaturalsshop.com\/?product=acnone-60-capsulsas","title":{"rendered":"Acnone"},"content":{"rendered":"<p>Entre sus principales activos est\u00e1n:<br \/>\nVitamina A: Sus propiedades antioxidantes eliminan los radicales libres que contaminan la piel y el organismo. Interviene en la reparaci\u00f3n de las c\u00e9lulas de la piel.<br \/>\nPicolinato de cromo: Ayuda en el metabolismo de las grasas y es un potente antioxidante que mejora la formaci\u00f3n de la elastina, que act\u00faa en la dermis para mantener la piel joven y saludable.<br \/>\nArctium lappa: Tiene un efecto antiinflamatorio, antibacteriano, adem\u00e1s de propiedades astringentes y cicatrizantes.<br \/>\nOcimum sanctum: Antimicrobiano y antiinflamatorio, con acci\u00f3n antioxidante que evita la oxidaci\u00f3n de la grasa disminuyendo el riesgo de infecci\u00f3n.<br \/>\nGlycyrrhiza glabra: Su acci\u00f3n antibacteriana y antiviral son muy efectivas para complementar la curaci\u00f3n de problemas dermatol\u00f3gicos.<br \/>\nSilybum marianum: Aumenta la funci\u00f3n hep\u00e1tica, mejora los niveles de colesterol en sangre y evita acumulaci\u00f3n de grasas, carbohidratos y az\u00facares en el h\u00edgado.<br \/>\nEl nuevo tratamiento para eliminar por completo el acn\u00e9 YA est\u00e1 a su alcance. Compruebe usted mismo los beneficios de ACNONE\u00ae y si\u00e9ntase libre de lucir una piel sin espinillas ni cicatrices<\/p>\n","protected":false},"excerpt":{"rendered":"<p>Es un tratamiento que trabaja espec\u00edficamente en el origen de las causas del acn\u00e9; desde el interior del organismo hasta la piel, lo que permite eliminarlo por completo desde la ra\u00edz, sin efectos secundarios, de forma natural y de r\u00e1pida acci\u00f3n.<\/p>\n","protected":false},"featured_media":5348,"comment_status":"open","ping_status":"closed","template":"","meta":[],"product_brand":[495],"product_cat":[416,408],"product_tag":[502,500,520,509,503],"class_list":{"0":"post-3046","1":"product","2":"type-product","3":"status-publish","4":"has-post-thumbnail","6":"product_brand-total-natural","7":"product_cat-cara","8":"product_cat-cuidado-personal","9":"product_tag-heredia","10":"product_tag-macrobiotica","11":"product_tag-natural-shop","12":"product_tag-piel","13":"product_tag-san-pablo","15":"first","16":"instock","17":"shipping-taxable","18":"purchasable","19":"product-type-simple"},"jetpack_sharing_enabled":true,"_links":{"self":[{"href":"https:\/\/macronaturalsshop.com\/index.php?rest_route=\/wp\/v2\/product\/3046"}],"collection":[{"href":"https:\/\/macronaturalsshop.com\/index.php?rest_route=\/wp\/v2\/product"}],"about":[{"href":"https:\/\/macronaturalsshop.com\/index.php?rest_route=\/wp\/v2\/types\/product"}],"replies":[{"embeddable":true,"href":"https:\/\/macronaturalsshop.com\/index.php?rest_route=%2Fwp%2Fv2%2Fcomments&post=3046"}],"wp:featuredmedia":[{"embeddable":true,"href":"https:\/\/macronaturalsshop.com\/index.php?rest_route=\/wp\/v2\/media\/5348"}],"wp:attachment":[{"href":"https:\/\/macronaturalsshop.com\/index.php?rest_route=%2Fwp%2Fv2%2Fmedia&parent=3046"}],"wp:term":[{"taxonomy":"product_brand","embeddable":true,"href":"https:\/\/macronaturalsshop.com\/index.php?rest_route=%2Fwp%2Fv2%2Fproduct_brand&post=3046"},{"taxonomy":"product_cat","embeddable":true,"href":"https:\/\/macronaturalsshop.com\/index.php?rest_route=%2Fwp%2Fv2%2Fproduct_cat&post=3046"},{"taxonomy":"product_tag","embeddable":true,"href":"https:\/\/macronaturalsshop.com\/index.php?rest_route=%2Fwp%2Fv2%2Fproduct_tag&post=3046"}],"curies":[{"name":"wp","href":"https:\/\/api.w.org\/{rel}","templated":true}]}}