{"id":3048,"date":"2025-09-06T02:15:30","date_gmt":"2025-09-06T02:15:30","guid":{"rendered":"https:\/\/macronaturalsshop.com\/?post_type=product&#038;p=3048"},"modified":"2025-09-06T20:07:22","modified_gmt":"2025-09-06T20:07:22","slug":"sinuklar-30-caps","status":"publish","type":"product","link":"https:\/\/macronaturalsshop.com\/?product=sinuklar-30-caps","title":{"rendered":"Sinuklar"},"content":{"rendered":"<p>La sinusitis molesta, duele, irrita y persigue a\u00f1o tras a\u00f1os, en los diferentes meses las alergias estacionales favorecen la aparici\u00f3n de sinusitis al\u00e9rgica. Un fuerte resfr\u00edo o una alergia suelen ser el punto de partida de una sinusitis y se dice que el 14% de la poblaci\u00f3n mundial padece de esta condici\u00f3n.<\/p>\n<p>Sinuklar\u00ae es el tratamiento natural formulado con potentes extractos estandarizados que potencializan el r\u00e1pido efecto desinflamatorio y descongestionante de la rinitis y sinusitis, permitiendo recuperar en poco tiempo la capacidad respiratoria, desinflamando los senos paranasales afectados luego de cuadros virales o gripales, eliminando los bloqueos de las v\u00edas nasales y evita la aparici\u00f3n de infecciones mayores.<\/p>\n","protected":false},"excerpt":{"rendered":"<p>Elimina el dolor de cabeza.<br \/>\nAlivio r\u00e1pido de la rinitis y sinusitis.<br \/>\nReduce la hinchaz\u00f3n de las membranas mucosas y permite recuperar la respiraci\u00f3n libremente.<br \/>\nReduce y alivia inflamaciones de los senos paranasales.<br \/>\nDisuelve r\u00e1pidamente la mucosidad.<\/p>\n","protected":false},"featured_media":3049,"comment_status":"open","ping_status":"closed","template":"","meta":[],"product_brand":[495],"product_cat":[414,415],"product_tag":[502,500,501,520,630,503],"class_list":{"0":"post-3048","1":"product","2":"type-product","3":"status-publish","4":"has-post-thumbnail","6":"product_brand-total-natural","7":"product_cat-alergias","8":"product_cat-sistema-respiratorio","9":"product_tag-heredia","10":"product_tag-macrobiotica","11":"product_tag-natural","12":"product_tag-natural-shop","13":"product_tag-rinitis","14":"product_tag-san-pablo","16":"first","17":"instock","18":"shipping-taxable","19":"purchasable","20":"product-type-simple"},"jetpack_sharing_enabled":true,"_links":{"self":[{"href":"https:\/\/macronaturalsshop.com\/index.php?rest_route=\/wp\/v2\/product\/3048"}],"collection":[{"href":"https:\/\/macronaturalsshop.com\/index.php?rest_route=\/wp\/v2\/product"}],"about":[{"href":"https:\/\/macronaturalsshop.com\/index.php?rest_route=\/wp\/v2\/types\/product"}],"replies":[{"embeddable":true,"href":"https:\/\/macronaturalsshop.com\/index.php?rest_route=%2Fwp%2Fv2%2Fcomments&post=3048"}],"wp:featuredmedia":[{"embeddable":true,"href":"https:\/\/macronaturalsshop.com\/index.php?rest_route=\/wp\/v2\/media\/3049"}],"wp:attachment":[{"href":"https:\/\/macronaturalsshop.com\/index.php?rest_route=%2Fwp%2Fv2%2Fmedia&parent=3048"}],"wp:term":[{"taxonomy":"product_brand","embeddable":true,"href":"https:\/\/macronaturalsshop.com\/index.php?rest_route=%2Fwp%2Fv2%2Fproduct_brand&post=3048"},{"taxonomy":"product_cat","embeddable":true,"href":"https:\/\/macronaturalsshop.com\/index.php?rest_route=%2Fwp%2Fv2%2Fproduct_cat&post=3048"},{"taxonomy":"product_tag","embeddable":true,"href":"https:\/\/macronaturalsshop.com\/index.php?rest_route=%2Fwp%2Fv2%2Fproduct_tag&post=3048"}],"curies":[{"name":"wp","href":"https:\/\/api.w.org\/{rel}","templated":true}]}}