{"id":3050,"date":"2025-09-06T02:25:52","date_gmt":"2025-09-06T02:25:52","guid":{"rendered":"https:\/\/macronaturalsshop.com\/?post_type=product&#038;p=3050"},"modified":"2025-09-06T20:14:56","modified_gmt":"2025-09-06T20:14:56","slug":"alergone-60-capsulas","status":"publish","type":"product","link":"https:\/\/macronaturalsshop.com\/?product=alergone-60-capsulas","title":{"rendered":"Alergone"},"content":{"rendered":"<p>Todas las alergias pueden presentarse desde los primeros meses de vida hasta la etapa adulta. Las alergias m\u00e1s comunes son en las v\u00edas respiratorias, en donde el paciente presenta s\u00edntomas como gripes frecuentes, congesti\u00f3n, tos leve pero sin fiebre, o tos cr\u00f3nica que indica que se padece de asma.<\/p>\n<p>Alergone\u00ae es el tratamiento natural formulado con potentes extractos estandarizados de Ganoderma lucidum, usado por la medicina tradicional china como remedio de las alergias por la capacidad de detenerlas inmediatamente. Esta comprobado que disminuye la predisposici\u00f3n al\u00e9rgica ya que reduce la excesiva liberaci\u00f3n de histamina (mol\u00e9cula encargada de generar las reacciones al\u00e9rgicas), lo que hace que desaparezca la alergia sin producir sue\u00f1o.<\/p>\n","protected":false},"excerpt":{"rendered":"<p>Alivia r\u00e1pidamente los efectos sintom\u00e1ticos de las alergias.<br \/>\nDesensibiliza el cuerpo a reacciones al\u00e9rgicas.<br \/>\nNo produce somnolencia.<\/p>\n","protected":false},"featured_media":5351,"comment_status":"open","ping_status":"closed","template":"","meta":[],"product_brand":[495],"product_cat":[414],"product_tag":[616,502,500,520,503],"class_list":{"0":"post-3050","1":"product","2":"type-product","3":"status-publish","4":"has-post-thumbnail","6":"product_brand-total-natural","7":"product_cat-alergias","8":"product_tag-antialergico","9":"product_tag-heredia","10":"product_tag-macrobiotica","11":"product_tag-natural-shop","12":"product_tag-san-pablo","14":"first","15":"instock","16":"shipping-taxable","17":"purchasable","18":"product-type-simple"},"jetpack_sharing_enabled":true,"_links":{"self":[{"href":"https:\/\/macronaturalsshop.com\/index.php?rest_route=\/wp\/v2\/product\/3050"}],"collection":[{"href":"https:\/\/macronaturalsshop.com\/index.php?rest_route=\/wp\/v2\/product"}],"about":[{"href":"https:\/\/macronaturalsshop.com\/index.php?rest_route=\/wp\/v2\/types\/product"}],"replies":[{"embeddable":true,"href":"https:\/\/macronaturalsshop.com\/index.php?rest_route=%2Fwp%2Fv2%2Fcomments&post=3050"}],"wp:featuredmedia":[{"embeddable":true,"href":"https:\/\/macronaturalsshop.com\/index.php?rest_route=\/wp\/v2\/media\/5351"}],"wp:attachment":[{"href":"https:\/\/macronaturalsshop.com\/index.php?rest_route=%2Fwp%2Fv2%2Fmedia&parent=3050"}],"wp:term":[{"taxonomy":"product_brand","embeddable":true,"href":"https:\/\/macronaturalsshop.com\/index.php?rest_route=%2Fwp%2Fv2%2Fproduct_brand&post=3050"},{"taxonomy":"product_cat","embeddable":true,"href":"https:\/\/macronaturalsshop.com\/index.php?rest_route=%2Fwp%2Fv2%2Fproduct_cat&post=3050"},{"taxonomy":"product_tag","embeddable":true,"href":"https:\/\/macronaturalsshop.com\/index.php?rest_route=%2Fwp%2Fv2%2Fproduct_tag&post=3050"}],"curies":[{"name":"wp","href":"https:\/\/api.w.org\/{rel}","templated":true}]}}