{"id":3055,"date":"2025-09-06T03:00:12","date_gmt":"2025-09-06T03:00:12","guid":{"rendered":"https:\/\/macronaturalsshop.com\/?post_type=product&#038;p=3055"},"modified":"2025-09-06T20:21:28","modified_gmt":"2025-09-06T20:21:28","slug":"s-a-phyt-36cap","status":"publish","type":"product","link":"https:\/\/macronaturalsshop.com\/?product=s-a-phyt-36cap","title":{"rendered":"S-A Phyt"},"content":{"rendered":"<p>S-A Phyt es un complemento alimenticio que combina diversos extractos vegetales: Sol de Oro y Ortiga Verde con sustancias como la Quercitina (bioflavonoide, que se encuentra de manera natural en numerosas frutas y verduras), extra\u00edda de la manzana y la cebolla roja, la Bromela\u00edna (proteasa extra\u00edda de la pi\u00f1a) y Vitamina C. Esta excelente mezcla se ha acondicionado en c\u00e1psulas vegetales, convirti\u00e9ndola en un producto apto para vegetarianos y veganos.<\/p>\n","protected":false},"excerpt":{"rendered":"<p>S-A Phyt es un complemento alimenticio que combina diversos extractos vegetales: Sol de Oro y Ortiga Verde con sustancias como la Quercitina (bioflavonoide, que se encuentra de manera natural en numerosas frutas y verduras), extra\u00edda de la manzana y la cebolla roja, la Bromela\u00edna (proteasa extra\u00edda de la pi\u00f1a) y Vitamina C. Esta excelente mezcla se ha acondicionado en c\u00e1psulas vegetales, convirti\u00e9ndola en un producto apto para vegetarianos y veganos.<\/p>\n","protected":false},"featured_media":3056,"comment_status":"open","ping_status":"closed","template":"","meta":[],"product_brand":[463],"product_cat":[415],"product_tag":[616,502,500,501,520,630,503],"class_list":{"0":"post-3055","1":"product","2":"type-product","3":"status-publish","4":"has-post-thumbnail","6":"product_brand-drasanvi","7":"product_cat-sistema-respiratorio","8":"product_tag-antialergico","9":"product_tag-heredia","10":"product_tag-macrobiotica","11":"product_tag-natural","12":"product_tag-natural-shop","13":"product_tag-rinitis","14":"product_tag-san-pablo","16":"first","17":"instock","18":"shipping-taxable","19":"purchasable","20":"product-type-simple"},"jetpack_sharing_enabled":true,"_links":{"self":[{"href":"https:\/\/macronaturalsshop.com\/index.php?rest_route=\/wp\/v2\/product\/3055"}],"collection":[{"href":"https:\/\/macronaturalsshop.com\/index.php?rest_route=\/wp\/v2\/product"}],"about":[{"href":"https:\/\/macronaturalsshop.com\/index.php?rest_route=\/wp\/v2\/types\/product"}],"replies":[{"embeddable":true,"href":"https:\/\/macronaturalsshop.com\/index.php?rest_route=%2Fwp%2Fv2%2Fcomments&post=3055"}],"wp:featuredmedia":[{"embeddable":true,"href":"https:\/\/macronaturalsshop.com\/index.php?rest_route=\/wp\/v2\/media\/3056"}],"wp:attachment":[{"href":"https:\/\/macronaturalsshop.com\/index.php?rest_route=%2Fwp%2Fv2%2Fmedia&parent=3055"}],"wp:term":[{"taxonomy":"product_brand","embeddable":true,"href":"https:\/\/macronaturalsshop.com\/index.php?rest_route=%2Fwp%2Fv2%2Fproduct_brand&post=3055"},{"taxonomy":"product_cat","embeddable":true,"href":"https:\/\/macronaturalsshop.com\/index.php?rest_route=%2Fwp%2Fv2%2Fproduct_cat&post=3055"},{"taxonomy":"product_tag","embeddable":true,"href":"https:\/\/macronaturalsshop.com\/index.php?rest_route=%2Fwp%2Fv2%2Fproduct_tag&post=3055"}],"curies":[{"name":"wp","href":"https:\/\/api.w.org\/{rel}","templated":true}]}}