{"id":3057,"date":"2025-08-29T04:15:43","date_gmt":"2025-08-29T04:15:43","guid":{"rendered":"https:\/\/macronaturalsshop.com\/?post_type=product&#038;p=3057"},"modified":"2025-08-29T21:50:34","modified_gmt":"2025-08-29T21:50:34","slug":"jarabe-broncolito-sin-azucar","status":"publish","type":"product","link":"https:\/\/macronaturalsshop.com\/?product=jarabe-broncolito-sin-azucar","title":{"rendered":"Jarabe Broncolito Sin Az\u00facar"},"content":{"rendered":"<h5 class=\"wp-block-heading\"><strong>Principales Beneficios del Jarabe Broncolito Sin Az\u00facar<\/strong><\/h5>\n<p>Ayuda en el tratamiento de afecciones respiratorias como bronquitis y asma.<br \/>\nFacilita la eliminaci\u00f3n de mucosidad y mejora la respiraci\u00f3n.<br \/>\nTiene propiedades antis\u00e9pticas naturales que combaten infecciones respiratorias.<br \/>\nReduce la inflamaci\u00f3n en la garganta y los pulmones.<br \/>\nApto para personas con diabetes o que buscan reducir el consumo de az\u00facar.<\/p>\n","protected":false},"excerpt":{"rendered":"<p>El\u00a0<strong>Jarabe Broncolito Sin Az\u00facar<\/strong>\u00a0est\u00e1 elaborado con extractos de\u00a0<strong>eucalipto (<em>Eucalyptus globulus<\/em>)<\/strong>\u00a0y\u00a0<strong>gordolobo (<em>Verbascum thapsus<\/em>)<\/strong>, dos ingredientes ampliamente utilizados en la medicina natural para tratar afecciones respiratorias. Su f\u00f3rmula ayuda a reducir la inflamaci\u00f3n de las v\u00edas respiratorias, combatir infecciones y facilitar la expulsi\u00f3n de mucosidad.<\/p>\n<p>Est\u00e1 indicado para el tratamiento de la tos con flemas, bronquitis, amigdalitis, laringitis y faringitis, gracias a sus propiedades fluidificantes y calmantes. Su presentaci\u00f3n sin az\u00facar lo convierte en una opci\u00f3n ideal para personas con diabetes o que siguen una dieta baja en carbohidratos.<\/p>\n","protected":false},"featured_media":5252,"comment_status":"open","ping_status":"closed","template":"","meta":[],"product_brand":[474],"product_cat":[415,393,412],"product_tag":[631,502,500,501,520,503,542],"class_list":{"0":"post-3057","1":"product","2":"type-product","3":"status-publish","4":"has-post-thumbnail","6":"product_brand-la-fuente","7":"product_cat-sistema-respiratorio","8":"product_cat-energia","9":"product_cat-tos","10":"product_tag-asma","11":"product_tag-heredia","12":"product_tag-macrobiotica","13":"product_tag-natural","14":"product_tag-natural-shop","15":"product_tag-san-pablo","16":"product_tag-tos","18":"first","19":"instock","20":"shipping-taxable","21":"purchasable","22":"product-type-simple"},"jetpack_sharing_enabled":true,"_links":{"self":[{"href":"https:\/\/macronaturalsshop.com\/index.php?rest_route=\/wp\/v2\/product\/3057"}],"collection":[{"href":"https:\/\/macronaturalsshop.com\/index.php?rest_route=\/wp\/v2\/product"}],"about":[{"href":"https:\/\/macronaturalsshop.com\/index.php?rest_route=\/wp\/v2\/types\/product"}],"replies":[{"embeddable":true,"href":"https:\/\/macronaturalsshop.com\/index.php?rest_route=%2Fwp%2Fv2%2Fcomments&post=3057"}],"wp:featuredmedia":[{"embeddable":true,"href":"https:\/\/macronaturalsshop.com\/index.php?rest_route=\/wp\/v2\/media\/5252"}],"wp:attachment":[{"href":"https:\/\/macronaturalsshop.com\/index.php?rest_route=%2Fwp%2Fv2%2Fmedia&parent=3057"}],"wp:term":[{"taxonomy":"product_brand","embeddable":true,"href":"https:\/\/macronaturalsshop.com\/index.php?rest_route=%2Fwp%2Fv2%2Fproduct_brand&post=3057"},{"taxonomy":"product_cat","embeddable":true,"href":"https:\/\/macronaturalsshop.com\/index.php?rest_route=%2Fwp%2Fv2%2Fproduct_cat&post=3057"},{"taxonomy":"product_tag","embeddable":true,"href":"https:\/\/macronaturalsshop.com\/index.php?rest_route=%2Fwp%2Fv2%2Fproduct_tag&post=3057"}],"curies":[{"name":"wp","href":"https:\/\/api.w.org\/{rel}","templated":true}]}}