{"id":3059,"date":"2025-07-26T09:15:44","date_gmt":"2025-07-26T09:15:44","guid":{"rendered":"https:\/\/macronaturalsshop.com\/?post_type=product&#038;p=3059"},"modified":"2025-07-26T19:21:56","modified_gmt":"2025-07-26T19:21:56","slug":"jarabe-herbal-240ml","status":"publish","type":"product","link":"https:\/\/macronaturalsshop.com\/?product=jarabe-herbal-240ml","title":{"rendered":"Jarabe Herbal Sin Az\u00facar"},"content":{"rendered":"<p>Su contenido de vitamina C contribuye al funcionamiento del sistema inmunitario, ayuda a reducir el cansancio y la fatiga y posee cualidades antioxidantes. En conjunto con or\u00e9gano, tomillo y jengibre, crean una barrera de protecci\u00f3n para la v\u00eda respiratoria.<br \/>\nPresentaciones: Botella de 240 ml<br \/>\nRecomendaci\u00f3n de uso: Tomar de una a un m\u00e1ximo de tres cucharadas al d\u00eda lejos de las comidas.<\/p>\n","protected":false},"excerpt":{"rendered":"<p>Jarabe Herbal Sin Az\u00facar es una mezcla de componentes conocidos por sus propiedades expectorante y usos en tratamientos de la tos. Gracias a su ausencia de az\u00facar, es recomendado su uso en personas diab\u00e9ticas<\/p>\n","protected":false},"featured_media":4903,"comment_status":"open","ping_status":"closed","template":"","meta":[],"product_brand":[476],"product_cat":[415,412],"product_tag":[544,502,500,501,520,543,542],"class_list":{"0":"post-3059","1":"product","2":"type-product","3":"status-publish","4":"has-post-thumbnail","6":"product_brand-mana","7":"product_cat-sistema-respiratorio","8":"product_cat-tos","9":"product_tag-diabetico","10":"product_tag-heredia","11":"product_tag-macrobiotica","12":"product_tag-natural","13":"product_tag-natural-shop","14":"product_tag-sin-azucar","15":"product_tag-tos","17":"first","18":"instock","19":"shipping-taxable","20":"purchasable","21":"product-type-simple"},"jetpack_sharing_enabled":true,"_links":{"self":[{"href":"https:\/\/macronaturalsshop.com\/index.php?rest_route=\/wp\/v2\/product\/3059"}],"collection":[{"href":"https:\/\/macronaturalsshop.com\/index.php?rest_route=\/wp\/v2\/product"}],"about":[{"href":"https:\/\/macronaturalsshop.com\/index.php?rest_route=\/wp\/v2\/types\/product"}],"replies":[{"embeddable":true,"href":"https:\/\/macronaturalsshop.com\/index.php?rest_route=%2Fwp%2Fv2%2Fcomments&post=3059"}],"wp:featuredmedia":[{"embeddable":true,"href":"https:\/\/macronaturalsshop.com\/index.php?rest_route=\/wp\/v2\/media\/4903"}],"wp:attachment":[{"href":"https:\/\/macronaturalsshop.com\/index.php?rest_route=%2Fwp%2Fv2%2Fmedia&parent=3059"}],"wp:term":[{"taxonomy":"product_brand","embeddable":true,"href":"https:\/\/macronaturalsshop.com\/index.php?rest_route=%2Fwp%2Fv2%2Fproduct_brand&post=3059"},{"taxonomy":"product_cat","embeddable":true,"href":"https:\/\/macronaturalsshop.com\/index.php?rest_route=%2Fwp%2Fv2%2Fproduct_cat&post=3059"},{"taxonomy":"product_tag","embeddable":true,"href":"https:\/\/macronaturalsshop.com\/index.php?rest_route=%2Fwp%2Fv2%2Fproduct_tag&post=3059"}],"curies":[{"name":"wp","href":"https:\/\/api.w.org\/{rel}","templated":true}]}}