{"id":3071,"date":"2025-09-06T03:15:46","date_gmt":"2025-09-06T03:15:46","guid":{"rendered":"https:\/\/macronaturalsshop.com\/?post_type=product&#038;p=3071"},"modified":"2025-09-06T20:25:47","modified_gmt":"2025-09-06T20:25:47","slug":"jarabe-bumba-sin-azucar","status":"publish","type":"product","link":"https:\/\/macronaturalsshop.com\/?product=jarabe-bumba-sin-azucar","title":{"rendered":"Jarabe Bumba sin Az\u00facar"},"content":{"rendered":"<p>Es un producto que ayuda a combatir infecciones a causa de virus, bacterias, el habito de fumar, inhalaci\u00f3n de contaminantes qu\u00edmicos y contaminaci\u00f3n ambientas por CO2, polvo o cenizas con acci\u00f3n expectorante<\/p>\n","protected":false},"excerpt":{"rendered":"<p>Coadyuvante para el tratamiento de asma, tos, bronquitis y en casos de gripes<\/p>\n","protected":false},"featured_media":5354,"comment_status":"open","ping_status":"closed","template":"","meta":[],"product_brand":[494],"product_cat":[415,412],"product_tag":[502,500,501,520,503,542],"class_list":{"0":"post-3071","1":"product","2":"type-product","3":"status-publish","4":"has-post-thumbnail","6":"product_brand-toque-natural","7":"product_cat-sistema-respiratorio","8":"product_cat-tos","9":"product_tag-heredia","10":"product_tag-macrobiotica","11":"product_tag-natural","12":"product_tag-natural-shop","13":"product_tag-san-pablo","14":"product_tag-tos","16":"first","17":"instock","18":"shipping-taxable","19":"purchasable","20":"product-type-simple"},"jetpack_sharing_enabled":true,"_links":{"self":[{"href":"https:\/\/macronaturalsshop.com\/index.php?rest_route=\/wp\/v2\/product\/3071"}],"collection":[{"href":"https:\/\/macronaturalsshop.com\/index.php?rest_route=\/wp\/v2\/product"}],"about":[{"href":"https:\/\/macronaturalsshop.com\/index.php?rest_route=\/wp\/v2\/types\/product"}],"replies":[{"embeddable":true,"href":"https:\/\/macronaturalsshop.com\/index.php?rest_route=%2Fwp%2Fv2%2Fcomments&post=3071"}],"wp:featuredmedia":[{"embeddable":true,"href":"https:\/\/macronaturalsshop.com\/index.php?rest_route=\/wp\/v2\/media\/5354"}],"wp:attachment":[{"href":"https:\/\/macronaturalsshop.com\/index.php?rest_route=%2Fwp%2Fv2%2Fmedia&parent=3071"}],"wp:term":[{"taxonomy":"product_brand","embeddable":true,"href":"https:\/\/macronaturalsshop.com\/index.php?rest_route=%2Fwp%2Fv2%2Fproduct_brand&post=3071"},{"taxonomy":"product_cat","embeddable":true,"href":"https:\/\/macronaturalsshop.com\/index.php?rest_route=%2Fwp%2Fv2%2Fproduct_cat&post=3071"},{"taxonomy":"product_tag","embeddable":true,"href":"https:\/\/macronaturalsshop.com\/index.php?rest_route=%2Fwp%2Fv2%2Fproduct_tag&post=3071"}],"curies":[{"name":"wp","href":"https:\/\/api.w.org\/{rel}","templated":true}]}}