{"id":3091,"date":"2025-08-16T01:30:51","date_gmt":"2025-08-16T01:30:51","guid":{"rendered":"https:\/\/macronaturalsshop.com\/?post_type=product&#038;p=3091"},"modified":"2025-08-16T21:08:10","modified_gmt":"2025-08-16T21:08:10","slug":"propoly-kids-240ml","status":"publish","type":"product","link":"https:\/\/macronaturalsshop.com\/?product=propoly-kids-240ml","title":{"rendered":"Propoly Kids"},"content":{"rendered":"<p>El prop\u00f3leo, seg\u00fan han demostrado varios estudios cient\u00edficos, posee muchas otras propiedades medicinales, entre las que se le reconocen: antibi\u00f3ticas (fungicida y bacteriana), cicatrizantes, antiinflamatorias, analg\u00e9sicas, antial\u00e9rgicas, epitelizantes y anest\u00e9sicas, entre otras.<br \/>\nEsta sustancia resinosa, de color verde o casi negro, que obtienen las abejas de las yemas y cortezas de algunos \u00e1rboles como el abedul, sauce, casta\u00f1o, roble, pino, cerezo y algunas plantas herb\u00e1ceas, tambi\u00e9n contiene provitamina A, vitaminas del grupo B (especialmente B3), amino\u00e1cidos y minerales.<\/p>\n","protected":false},"excerpt":{"rendered":"<p>Alimento a base de miel de abejas con prop\u00f3leo, mara\u00f1\u00f3n, jengibre, polen, ajo y cebolla, beneficia al sistema inmunol\u00f3gico y respiratorio. Con delicioso sabor a menta.<\/p>\n","protected":false},"featured_media":3092,"comment_status":"open","ping_status":"closed","template":"","meta":[],"product_brand":[482],"product_cat":[411,379],"product_tag":[612,502,500,501,520,503],"class_list":{"0":"post-3091","1":"product","2":"type-product","3":"status-publish","4":"has-post-thumbnail","6":"product_brand-natural-system","7":"product_cat-ninos","8":"product_cat-sistema-inmunologico","9":"product_tag-defensas","10":"product_tag-heredia","11":"product_tag-macrobiotica","12":"product_tag-natural","13":"product_tag-natural-shop","14":"product_tag-san-pablo","16":"first","17":"instock","18":"shipping-taxable","19":"purchasable","20":"product-type-simple"},"jetpack_sharing_enabled":true,"_links":{"self":[{"href":"https:\/\/macronaturalsshop.com\/index.php?rest_route=\/wp\/v2\/product\/3091"}],"collection":[{"href":"https:\/\/macronaturalsshop.com\/index.php?rest_route=\/wp\/v2\/product"}],"about":[{"href":"https:\/\/macronaturalsshop.com\/index.php?rest_route=\/wp\/v2\/types\/product"}],"replies":[{"embeddable":true,"href":"https:\/\/macronaturalsshop.com\/index.php?rest_route=%2Fwp%2Fv2%2Fcomments&post=3091"}],"wp:featuredmedia":[{"embeddable":true,"href":"https:\/\/macronaturalsshop.com\/index.php?rest_route=\/wp\/v2\/media\/3092"}],"wp:attachment":[{"href":"https:\/\/macronaturalsshop.com\/index.php?rest_route=%2Fwp%2Fv2%2Fmedia&parent=3091"}],"wp:term":[{"taxonomy":"product_brand","embeddable":true,"href":"https:\/\/macronaturalsshop.com\/index.php?rest_route=%2Fwp%2Fv2%2Fproduct_brand&post=3091"},{"taxonomy":"product_cat","embeddable":true,"href":"https:\/\/macronaturalsshop.com\/index.php?rest_route=%2Fwp%2Fv2%2Fproduct_cat&post=3091"},{"taxonomy":"product_tag","embeddable":true,"href":"https:\/\/macronaturalsshop.com\/index.php?rest_route=%2Fwp%2Fv2%2Fproduct_tag&post=3091"}],"curies":[{"name":"wp","href":"https:\/\/api.w.org\/{rel}","templated":true}]}}