{"id":3105,"date":"2025-08-15T03:10:56","date_gmt":"2025-08-15T03:10:56","guid":{"rendered":"https:\/\/macronaturalsshop.com\/?post_type=product&#038;p=3105"},"modified":"2025-08-15T19:59:07","modified_gmt":"2025-08-15T19:59:07","slug":"perlas-de-sol-bronze-natural-7-2-mg","status":"publish","type":"product","link":"https:\/\/macronaturalsshop.com\/?product=perlas-de-sol-bronze-natural-7-2-mg","title":{"rendered":"Perlas De Sol Bronze Natural 7.2mg Betacaroteno"},"content":{"rendered":"<p>Bronze Natural es un complemento alimenticio a base de aceite de Rosa de Mosqueta, rica en \u00e1cidos grasos esenciales, extracto seco de Tomate, Zanahoria y Alga Dunaliella, extractos ricos en pigmentos como el Licopeno, Betacarotenos y Lute\u00edna. Adem\u00e1s, incorpora una fuente de Vitaminas (A, E, C y B2), destacando la Vitamina E, que contribuye a la protecci\u00f3n de las c\u00e9lulas frente al da\u00f1o oxidativo. Por su importancia, es importante mencionar la presencia del amino\u00e1cido L-tirosina, precursor de la Melanina (pigmento responsable del color de la piel).<\/p>\n","protected":false},"excerpt":{"rendered":"<p>Bronze Natural es un complemento alimenticio a base de aceite de Rosa de Mosqueta, rica en \u00e1cidos grasos esenciales, extracto seco de Tomate, Zanahoria y Alga Dunaliella, extractos ricos en pigmentos como el Licopeno, Betacarotenos y Lute\u00edna. Adem\u00e1s, incorpora una fuente de Vitaminas (A, E, C y B2), destacando la Vitamina E, que contribuye a la protecci\u00f3n de las c\u00e9lulas frente al da\u00f1o oxidativo. Por su importancia, es necesario mencionar la presencia del amino\u00e1cido L-tirosina, precursor de la Melanina (pigmento responsable del color de la piel).<\/p>\n","protected":false},"featured_media":5009,"comment_status":"open","ping_status":"closed","template":"","meta":[],"product_brand":[463],"product_cat":[398],"product_tag":[502,500,501,520,503,568],"class_list":{"0":"post-3105","1":"product","2":"type-product","3":"status-publish","4":"has-post-thumbnail","6":"product_brand-drasanvi","7":"product_cat-vit-y-min","8":"product_tag-heredia","9":"product_tag-macrobiotica","10":"product_tag-natural","11":"product_tag-natural-shop","12":"product_tag-san-pablo","13":"product_tag-vitaminas","15":"first","16":"instock","17":"shipping-taxable","18":"purchasable","19":"product-type-simple"},"jetpack_sharing_enabled":true,"_links":{"self":[{"href":"https:\/\/macronaturalsshop.com\/index.php?rest_route=\/wp\/v2\/product\/3105"}],"collection":[{"href":"https:\/\/macronaturalsshop.com\/index.php?rest_route=\/wp\/v2\/product"}],"about":[{"href":"https:\/\/macronaturalsshop.com\/index.php?rest_route=\/wp\/v2\/types\/product"}],"replies":[{"embeddable":true,"href":"https:\/\/macronaturalsshop.com\/index.php?rest_route=%2Fwp%2Fv2%2Fcomments&post=3105"}],"wp:featuredmedia":[{"embeddable":true,"href":"https:\/\/macronaturalsshop.com\/index.php?rest_route=\/wp\/v2\/media\/5009"}],"wp:attachment":[{"href":"https:\/\/macronaturalsshop.com\/index.php?rest_route=%2Fwp%2Fv2%2Fmedia&parent=3105"}],"wp:term":[{"taxonomy":"product_brand","embeddable":true,"href":"https:\/\/macronaturalsshop.com\/index.php?rest_route=%2Fwp%2Fv2%2Fproduct_brand&post=3105"},{"taxonomy":"product_cat","embeddable":true,"href":"https:\/\/macronaturalsshop.com\/index.php?rest_route=%2Fwp%2Fv2%2Fproduct_cat&post=3105"},{"taxonomy":"product_tag","embeddable":true,"href":"https:\/\/macronaturalsshop.com\/index.php?rest_route=%2Fwp%2Fv2%2Fproduct_tag&post=3105"}],"curies":[{"name":"wp","href":"https:\/\/api.w.org\/{rel}","templated":true}]}}