{"id":3116,"date":"2025-09-06T04:05:16","date_gmt":"2025-09-06T04:05:16","guid":{"rendered":"https:\/\/macronaturalsshop.com\/?post_type=product&#038;p=3116"},"modified":"2025-09-06T20:34:51","modified_gmt":"2025-09-06T20:34:51","slug":"promelo-jarabe-balsamico-250ml","status":"publish","type":"product","link":"https:\/\/macronaturalsshop.com\/?product=promelo-jarabe-balsamico-250ml","title":{"rendered":"Promelo Jarabe"},"content":{"rendered":"<p>Promelo Jarabe de Semilla de Pomelo es un complemento alimenticio en cuya composici\u00f3n se encuentran gran cantidad de extractos vegetales estandarizados: Semilla de pomelo, Malvavisco, L\u00edquen de islandia y Sol de oro. A estos extractos vegetales se les ha a\u00f1adido pr\u00f3polis y N-acetilciste\u00edna.Adem\u00e1s se han a\u00f1adido vitaminas y minerales que <strong>contribuyen al funcionamiento normal del sistema inmunitario: Vitamina C, Zinc y Cobre.\u00a0<\/strong>Promelo Jarabe de Semilla de Pomelo va acompa\u00f1ado de un vaso dosificador, para aportar precisi\u00f3n en la toma del producto.<\/p>\n","protected":false},"excerpt":{"rendered":"<p>Contribuyen al funcionamiento normal del sistema inmunitario.<\/p>\n","protected":false},"featured_media":3121,"comment_status":"open","ping_status":"closed","template":"","meta":[],"product_brand":[463],"product_cat":[379,398],"product_tag":[502,500,501,520,568],"class_list":{"0":"post-3116","1":"product","2":"type-product","3":"status-publish","4":"has-post-thumbnail","6":"product_brand-drasanvi","7":"product_cat-sistema-inmunologico","8":"product_cat-vit-y-min","9":"product_tag-heredia","10":"product_tag-macrobiotica","11":"product_tag-natural","12":"product_tag-natural-shop","13":"product_tag-vitaminas","15":"first","16":"instock","17":"shipping-taxable","18":"purchasable","19":"product-type-simple"},"jetpack_sharing_enabled":true,"_links":{"self":[{"href":"https:\/\/macronaturalsshop.com\/index.php?rest_route=\/wp\/v2\/product\/3116"}],"collection":[{"href":"https:\/\/macronaturalsshop.com\/index.php?rest_route=\/wp\/v2\/product"}],"about":[{"href":"https:\/\/macronaturalsshop.com\/index.php?rest_route=\/wp\/v2\/types\/product"}],"replies":[{"embeddable":true,"href":"https:\/\/macronaturalsshop.com\/index.php?rest_route=%2Fwp%2Fv2%2Fcomments&post=3116"}],"wp:featuredmedia":[{"embeddable":true,"href":"https:\/\/macronaturalsshop.com\/index.php?rest_route=\/wp\/v2\/media\/3121"}],"wp:attachment":[{"href":"https:\/\/macronaturalsshop.com\/index.php?rest_route=%2Fwp%2Fv2%2Fmedia&parent=3116"}],"wp:term":[{"taxonomy":"product_brand","embeddable":true,"href":"https:\/\/macronaturalsshop.com\/index.php?rest_route=%2Fwp%2Fv2%2Fproduct_brand&post=3116"},{"taxonomy":"product_cat","embeddable":true,"href":"https:\/\/macronaturalsshop.com\/index.php?rest_route=%2Fwp%2Fv2%2Fproduct_cat&post=3116"},{"taxonomy":"product_tag","embeddable":true,"href":"https:\/\/macronaturalsshop.com\/index.php?rest_route=%2Fwp%2Fv2%2Fproduct_tag&post=3116"}],"curies":[{"name":"wp","href":"https:\/\/api.w.org\/{rel}","templated":true}]}}