{"id":3129,"date":"2025-08-14T02:00:22","date_gmt":"2025-08-14T02:00:22","guid":{"rendered":"https:\/\/macronaturalsshop.com\/?post_type=product&#038;p=3129"},"modified":"2025-08-15T04:59:14","modified_gmt":"2025-08-15T04:59:14","slug":"kalmansia-45-capsulas-de-516-mg","status":"publish","type":"product","link":"https:\/\/macronaturalsshop.com\/?product=kalmansia-45-capsulas-de-516-mg","title":{"rendered":"Kalmansia Complex"},"content":{"rendered":"<p>Complemento alimenticio a base de plantas, vitaminas y minerales. En caso de estar tomando ansiol\u00edticos consulte con su m\u00e9dico. No superar la dosis diaria expresamente recomendada; Los complementos alimenticios no deben utilizarse como sustituto de una dieta equilibrada; Mantener fuera del alcance de los ni\u00f1os m\u00e1s peque\u00f1os. . Mantener fuera del alcance de los ni\u00f1os. Conservar en un lugar fresco y seco.<br \/>\nContribuye al funcionamiento normal del sistema nervioso. Kalmansia es un complemento alimenticio que, debido a su composici\u00f3n, contribuye al funcionamiento normal del sistema nervioso. Kalmansia incorpora en su composici\u00f3n, Valeriana, Melisa y Griffonia simplicifolia. Esta planta es rica en 5-HTP, sustancia conocida por ser precursora del Tript\u00f3fano y la Serotonina.<\/p>\n","protected":false},"excerpt":{"rendered":"<p>Contribuye al funcionamiento normal del sistema nervioso. Kalmansia es un complemento alimenticio que, debido a su composici\u00f3n, contribuye al funcionamiento normal del sistema nervioso. Kalmansia  incorpora en su composici\u00f3n, Valeriana, Melisa y Griffonia simplicifolia. Esta planta es rica en 5-HTP, sustancia conocida por ser precursora de la Serotonina.<\/p>\n","protected":false},"featured_media":5000,"comment_status":"open","ping_status":"closed","template":"","meta":[],"product_brand":[463],"product_cat":[404],"product_tag":[502,500,501,520,562,503],"class_list":{"0":"post-3129","1":"product","2":"type-product","3":"status-publish","4":"has-post-thumbnail","6":"product_brand-drasanvi","7":"product_cat-ansiedad-y-estres","8":"product_tag-heredia","9":"product_tag-macrobiotica","10":"product_tag-natural","11":"product_tag-natural-shop","12":"product_tag-nervios","13":"product_tag-san-pablo","15":"first","16":"instock","17":"shipping-taxable","18":"purchasable","19":"product-type-simple"},"jetpack_sharing_enabled":true,"_links":{"self":[{"href":"https:\/\/macronaturalsshop.com\/index.php?rest_route=\/wp\/v2\/product\/3129"}],"collection":[{"href":"https:\/\/macronaturalsshop.com\/index.php?rest_route=\/wp\/v2\/product"}],"about":[{"href":"https:\/\/macronaturalsshop.com\/index.php?rest_route=\/wp\/v2\/types\/product"}],"replies":[{"embeddable":true,"href":"https:\/\/macronaturalsshop.com\/index.php?rest_route=%2Fwp%2Fv2%2Fcomments&post=3129"}],"wp:featuredmedia":[{"embeddable":true,"href":"https:\/\/macronaturalsshop.com\/index.php?rest_route=\/wp\/v2\/media\/5000"}],"wp:attachment":[{"href":"https:\/\/macronaturalsshop.com\/index.php?rest_route=%2Fwp%2Fv2%2Fmedia&parent=3129"}],"wp:term":[{"taxonomy":"product_brand","embeddable":true,"href":"https:\/\/macronaturalsshop.com\/index.php?rest_route=%2Fwp%2Fv2%2Fproduct_brand&post=3129"},{"taxonomy":"product_cat","embeddable":true,"href":"https:\/\/macronaturalsshop.com\/index.php?rest_route=%2Fwp%2Fv2%2Fproduct_cat&post=3129"},{"taxonomy":"product_tag","embeddable":true,"href":"https:\/\/macronaturalsshop.com\/index.php?rest_route=%2Fwp%2Fv2%2Fproduct_tag&post=3129"}],"curies":[{"name":"wp","href":"https:\/\/api.w.org\/{rel}","templated":true}]}}