{"id":3138,"date":"2025-09-06T04:15:45","date_gmt":"2025-09-06T04:15:45","guid":{"rendered":"https:\/\/macronaturalsshop.com\/?post_type=product&#038;p=3138"},"modified":"2025-09-22T01:26:42","modified_gmt":"2025-09-22T01:26:42","slug":"mango-africano-60-capsulas-de-546-mg","status":"publish","type":"product","link":"https:\/\/macronaturalsshop.com\/?product=mango-africano-60-capsulas-de-546-mg","title":{"rendered":"Mango Africano"},"content":{"rendered":"<p>El Mango africano es una fruta de gran valor nutricional, el cual, tras recientes estudios, esta cobrando importancia en el mundo de la diet\u00e9tica. Convencidos de sus propiedades, hemos seleccionado la mejor materia, es decir un extracto patentado llamado IGOB131 que nos asegura una cantidad m\u00ednima de polifenoles cercana al 40%.<\/p>\n","protected":false},"excerpt":{"rendered":"<p>Ayudar en la p\u00e9rdida de peso, controlar el apetito, acelerar el metabolismo y quemar grasa, adem\u00e1s de regular los niveles de colesterol y az\u00facar en la sangre.<\/p>\n","protected":false},"featured_media":5356,"comment_status":"open","ping_status":"closed","template":"","meta":[],"product_brand":[463],"product_cat":[388],"product_tag":[584,502,500,501,520,503],"class_list":{"0":"post-3138","1":"product","2":"type-product","3":"status-publish","4":"has-post-thumbnail","6":"product_brand-drasanvi","7":"product_cat-control-de-peso","8":"product_tag-control-de-peso","9":"product_tag-heredia","10":"product_tag-macrobiotica","11":"product_tag-natural","12":"product_tag-natural-shop","13":"product_tag-san-pablo","15":"first","16":"instock","17":"shipping-taxable","18":"purchasable","19":"product-type-simple"},"jetpack_sharing_enabled":true,"_links":{"self":[{"href":"https:\/\/macronaturalsshop.com\/index.php?rest_route=\/wp\/v2\/product\/3138"}],"collection":[{"href":"https:\/\/macronaturalsshop.com\/index.php?rest_route=\/wp\/v2\/product"}],"about":[{"href":"https:\/\/macronaturalsshop.com\/index.php?rest_route=\/wp\/v2\/types\/product"}],"replies":[{"embeddable":true,"href":"https:\/\/macronaturalsshop.com\/index.php?rest_route=%2Fwp%2Fv2%2Fcomments&post=3138"}],"wp:featuredmedia":[{"embeddable":true,"href":"https:\/\/macronaturalsshop.com\/index.php?rest_route=\/wp\/v2\/media\/5356"}],"wp:attachment":[{"href":"https:\/\/macronaturalsshop.com\/index.php?rest_route=%2Fwp%2Fv2%2Fmedia&parent=3138"}],"wp:term":[{"taxonomy":"product_brand","embeddable":true,"href":"https:\/\/macronaturalsshop.com\/index.php?rest_route=%2Fwp%2Fv2%2Fproduct_brand&post=3138"},{"taxonomy":"product_cat","embeddable":true,"href":"https:\/\/macronaturalsshop.com\/index.php?rest_route=%2Fwp%2Fv2%2Fproduct_cat&post=3138"},{"taxonomy":"product_tag","embeddable":true,"href":"https:\/\/macronaturalsshop.com\/index.php?rest_route=%2Fwp%2Fv2%2Fproduct_tag&post=3138"}],"curies":[{"name":"wp","href":"https:\/\/api.w.org\/{rel}","templated":true}]}}