{"id":3146,"date":"2025-09-06T05:00:46","date_gmt":"2025-09-06T05:00:46","guid":{"rendered":"https:\/\/macronaturalsshop.com\/?post_type=product&#038;p=3146"},"modified":"2025-09-06T20:59:17","modified_gmt":"2025-09-06T20:59:17","slug":"superalimentos-semillas-de-canamo-bio-225-g","status":"publish","type":"product","link":"https:\/\/macronaturalsshop.com\/?product=superalimentos-semillas-de-canamo-bio-225-g","title":{"rendered":"Semilla C\u00e1\u00f1amo Bio 225 g Doypack Superalimentos"},"content":{"rendered":"<p>Las Semillas de C\u00e1\u00f1amo se caracterizan por su\u00a0<strong>alto aporte de prote\u00ednas. Contienen todos los amino\u00e1cidos esenciales y Omega 3, 6 y 9<\/strong>. Las Semillas de C\u00e1\u00f1amo de Drasanvi se escogen a mano para incorporar s\u00f3lo las semillas de primera calidad. Una vez seleccionadas, se limpian con agua natural para eliminar la c\u00e1scara y facilitar su consumo. Todo el proceso se lleva a cabo siguiendo los est\u00e1ndares de calidad de la agricultura ecol\u00f3gica.<\/p>\n","protected":false},"excerpt":{"rendered":"<p>Las Semillas de C\u00e1\u00f1amo se caracterizan por su\u00a0alto aporte de prote\u00ednas. Contienen todos los amino\u00e1cidos esenciales y Omega 3, 6 y 9. Las Semillas de C\u00e1\u00f1amo de Drasanvi se escogen a mano para incorporar s\u00f3lo las semillas de primera calidad. Una vez seleccionadas, se limpian con agua natural para eliminar la c\u00e1scara y facilitar su &hellip; <br \/><a href=\"https:\/\/macronaturalsshop.com\/?product=superalimentos-semillas-de-canamo-bio-225-g\" class=\"more-link\">Continue reading <span class=\"screen-reader-text\">Semilla C\u00e1\u00f1amo Bio 225 g Doypack Superalimentos<\/span><\/a><\/p>\n","protected":false},"featured_media":3147,"comment_status":"open","ping_status":"closed","template":"","meta":[],"product_brand":[463],"product_cat":[453],"product_tag":[502,500,501,520,591,503],"class_list":{"0":"post-3146","1":"product","2":"type-product","3":"status-publish","4":"has-post-thumbnail","6":"product_brand-drasanvi","7":"product_cat-mente","8":"product_tag-heredia","9":"product_tag-macrobiotica","10":"product_tag-natural","11":"product_tag-natural-shop","12":"product_tag-omega","13":"product_tag-san-pablo","15":"first","16":"instock","17":"shipping-taxable","18":"purchasable","19":"product-type-simple"},"jetpack_sharing_enabled":true,"_links":{"self":[{"href":"https:\/\/macronaturalsshop.com\/index.php?rest_route=\/wp\/v2\/product\/3146"}],"collection":[{"href":"https:\/\/macronaturalsshop.com\/index.php?rest_route=\/wp\/v2\/product"}],"about":[{"href":"https:\/\/macronaturalsshop.com\/index.php?rest_route=\/wp\/v2\/types\/product"}],"replies":[{"embeddable":true,"href":"https:\/\/macronaturalsshop.com\/index.php?rest_route=%2Fwp%2Fv2%2Fcomments&post=3146"}],"wp:featuredmedia":[{"embeddable":true,"href":"https:\/\/macronaturalsshop.com\/index.php?rest_route=\/wp\/v2\/media\/3147"}],"wp:attachment":[{"href":"https:\/\/macronaturalsshop.com\/index.php?rest_route=%2Fwp%2Fv2%2Fmedia&parent=3146"}],"wp:term":[{"taxonomy":"product_brand","embeddable":true,"href":"https:\/\/macronaturalsshop.com\/index.php?rest_route=%2Fwp%2Fv2%2Fproduct_brand&post=3146"},{"taxonomy":"product_cat","embeddable":true,"href":"https:\/\/macronaturalsshop.com\/index.php?rest_route=%2Fwp%2Fv2%2Fproduct_cat&post=3146"},{"taxonomy":"product_tag","embeddable":true,"href":"https:\/\/macronaturalsshop.com\/index.php?rest_route=%2Fwp%2Fv2%2Fproduct_tag&post=3146"}],"curies":[{"name":"wp","href":"https:\/\/api.w.org\/{rel}","templated":true}]}}