{"id":3153,"date":"2025-09-06T05:20:02","date_gmt":"2025-09-06T05:20:02","guid":{"rendered":"https:\/\/macronaturalsshop.com\/?post_type=product&#038;p=3153"},"modified":"2025-09-06T21:05:09","modified_gmt":"2025-09-06T21:05:09","slug":"citrato-de-magnesio-sport-live-liquido-25ml","status":"publish","type":"product","link":"https:\/\/macronaturalsshop.com\/?product=citrato-de-magnesio-sport-live-liquido-25ml","title":{"rendered":"Magnesio Vial 25 ml Sport Live"},"content":{"rendered":"<p>El Magnesio es un mineral esencial para el organismo. Sin embargo, y debido al tipo de alimentaci\u00f3n, en ocasiones, puede existir un d\u00e9ficit. Esta carencia puede acentuarse en deportistas, ya que el magnesio, entre otros, est\u00e1 relacionado con el cansancio y la fatiga, la s\u00edntesis proteica normal y la contracci\u00f3n muscular. El magnesio es fundamental en, aproximadamente, 300 reacciones del organismo. Por ello, y debido a su importancia, hemos elegido la mejor fuente de Magnesio -el citrato de magnesio- para asegurar una mayor biodisponibilidad.<\/p>\n","protected":false},"excerpt":{"rendered":"<p>El Magnesio es un mineral esencial para el organismo.<\/p>\n","protected":false},"featured_media":3154,"comment_status":"open","ping_status":"closed","template":"","meta":[],"product_brand":[463],"product_cat":[385,386,393],"product_tag":[502,561,501,520,503],"class_list":{"0":"post-3153","1":"product","2":"type-product","3":"status-publish","4":"has-post-thumbnail","6":"product_brand-drasanvi","7":"product_cat-deporte","8":"product_cat-magnesio","9":"product_cat-energia","10":"product_tag-heredia","11":"product_tag-musculos","12":"product_tag-natural","13":"product_tag-natural-shop","14":"product_tag-san-pablo","16":"first","17":"instock","18":"shipping-taxable","19":"purchasable","20":"product-type-simple"},"jetpack_sharing_enabled":true,"_links":{"self":[{"href":"https:\/\/macronaturalsshop.com\/index.php?rest_route=\/wp\/v2\/product\/3153"}],"collection":[{"href":"https:\/\/macronaturalsshop.com\/index.php?rest_route=\/wp\/v2\/product"}],"about":[{"href":"https:\/\/macronaturalsshop.com\/index.php?rest_route=\/wp\/v2\/types\/product"}],"replies":[{"embeddable":true,"href":"https:\/\/macronaturalsshop.com\/index.php?rest_route=%2Fwp%2Fv2%2Fcomments&post=3153"}],"wp:featuredmedia":[{"embeddable":true,"href":"https:\/\/macronaturalsshop.com\/index.php?rest_route=\/wp\/v2\/media\/3154"}],"wp:attachment":[{"href":"https:\/\/macronaturalsshop.com\/index.php?rest_route=%2Fwp%2Fv2%2Fmedia&parent=3153"}],"wp:term":[{"taxonomy":"product_brand","embeddable":true,"href":"https:\/\/macronaturalsshop.com\/index.php?rest_route=%2Fwp%2Fv2%2Fproduct_brand&post=3153"},{"taxonomy":"product_cat","embeddable":true,"href":"https:\/\/macronaturalsshop.com\/index.php?rest_route=%2Fwp%2Fv2%2Fproduct_cat&post=3153"},{"taxonomy":"product_tag","embeddable":true,"href":"https:\/\/macronaturalsshop.com\/index.php?rest_route=%2Fwp%2Fv2%2Fproduct_tag&post=3153"}],"curies":[{"name":"wp","href":"https:\/\/api.w.org\/{rel}","templated":true}]}}