{"id":3158,"date":"2025-09-06T06:00:11","date_gmt":"2025-09-06T06:00:11","guid":{"rendered":"https:\/\/macronaturalsshop.com\/?post_type=product&#038;p=3158"},"modified":"2025-09-06T21:10:29","modified_gmt":"2025-09-06T21:10:29","slug":"fibramax-400g","status":"publish","type":"product","link":"https:\/\/macronaturalsshop.com\/?product=fibramax-400g","title":{"rendered":"Fibramax 400g"},"content":{"rendered":"<p>La fibra es un componente vegetal que el cuerpo no puede digerir y pasa, directamente, al intestino. Por tanto, la fibra tiene un papel fundamental en el transito intestinal. Existen dos tipos de fibra: Fibra soluble: ayuda al vaciamiento g\u00e1strico. Fibra insoluble: mejora el tr\u00e1nsito intestinal. La incorporaci\u00f3n de fibra es fundamental en el organismo.<\/p>\n","protected":false},"excerpt":{"rendered":"<p>Mejorar el tr\u00e1nsito intestinal y prevenir el estre\u00f1imiento, gracias a su aporte de fibra procedente de frutas y cereales.\u00a0Tambi\u00e9n ayuda a mantener unos niveles adecuados de colesterol y glucosa en sangre y a controlar el apetito, promoviendo la sensaci\u00f3n de saciedad.<\/p>\n","protected":false},"featured_media":3398,"comment_status":"open","ping_status":"closed","template":"","meta":[],"product_brand":[463],"product_cat":[396],"product_tag":[635,502,500,501,520,503],"class_list":{"0":"post-3158","1":"product","2":"type-product","3":"status-publish","4":"has-post-thumbnail","6":"product_brand-drasanvi","7":"product_cat-sistema-digestivo","8":"product_tag-estrenimiento","9":"product_tag-heredia","10":"product_tag-macrobiotica","11":"product_tag-natural","12":"product_tag-natural-shop","13":"product_tag-san-pablo","15":"first","16":"instock","17":"shipping-taxable","18":"purchasable","19":"product-type-simple"},"jetpack_sharing_enabled":true,"_links":{"self":[{"href":"https:\/\/macronaturalsshop.com\/index.php?rest_route=\/wp\/v2\/product\/3158"}],"collection":[{"href":"https:\/\/macronaturalsshop.com\/index.php?rest_route=\/wp\/v2\/product"}],"about":[{"href":"https:\/\/macronaturalsshop.com\/index.php?rest_route=\/wp\/v2\/types\/product"}],"replies":[{"embeddable":true,"href":"https:\/\/macronaturalsshop.com\/index.php?rest_route=%2Fwp%2Fv2%2Fcomments&post=3158"}],"wp:featuredmedia":[{"embeddable":true,"href":"https:\/\/macronaturalsshop.com\/index.php?rest_route=\/wp\/v2\/media\/3398"}],"wp:attachment":[{"href":"https:\/\/macronaturalsshop.com\/index.php?rest_route=%2Fwp%2Fv2%2Fmedia&parent=3158"}],"wp:term":[{"taxonomy":"product_brand","embeddable":true,"href":"https:\/\/macronaturalsshop.com\/index.php?rest_route=%2Fwp%2Fv2%2Fproduct_brand&post=3158"},{"taxonomy":"product_cat","embeddable":true,"href":"https:\/\/macronaturalsshop.com\/index.php?rest_route=%2Fwp%2Fv2%2Fproduct_cat&post=3158"},{"taxonomy":"product_tag","embeddable":true,"href":"https:\/\/macronaturalsshop.com\/index.php?rest_route=%2Fwp%2Fv2%2Fproduct_tag&post=3158"}],"curies":[{"name":"wp","href":"https:\/\/api.w.org\/{rel}","templated":true}]}}