{"id":3168,"date":"2025-09-06T06:30:35","date_gmt":"2025-09-06T06:30:35","guid":{"rendered":"https:\/\/macronaturalsshop.com\/?post_type=product&#038;p=3168"},"modified":"2025-09-06T21:54:47","modified_gmt":"2025-09-06T21:54:47","slug":"gel-intimo-ph4-5-300ml","status":"publish","type":"product","link":"https:\/\/macronaturalsshop.com\/?product=gel-intimo-ph4-5-300ml","title":{"rendered":"Gel Intimo PH4.5 300ml"},"content":{"rendered":"<p>El gel \u00edntimo de Drasanvi posee una formulaci\u00f3n a base de Aloe Vera ecol\u00f3gico, extracto de Cal\u00e9ndula ecol\u00f3gico, extracto de Olivo ecol\u00f3gico, aceite esencial de \u00c1rbol del T\u00e9 ecol\u00f3gico, aceite esencial de Lavanda ecol\u00f3gico, aceite esencial de Geranio ecol\u00f3gico y extracto de Hamamelis, que refresca y nutre intensamente la piel, aport\u00e1ndole un vigor extraordinario. Adem\u00e1s, tiene funciones calmantes, antibacterianas y antif\u00fangicas. Cuenta con un pH 4.5, ideal para la zona de cuidado \u00edntimo. Tambi\u00e9n incluye en su formulaci\u00f3n prebi\u00f3ticos, que favorecen la generaci\u00f3n de la flora, a la vez que la equilibra mejorando la salud e hidrataci\u00f3n \u00edntima.<\/p>\n","protected":false},"excerpt":{"rendered":"<p>Este Gel \u00ecntimo tiene funciones calmantes, antibacterianas y antif\u00fangicas.<\/p>\n","protected":false},"featured_media":3333,"comment_status":"open","ping_status":"closed","template":"","meta":[],"product_brand":[463],"product_cat":[439,408],"product_tag":[502,501,520,503],"class_list":{"0":"post-3168","1":"product","2":"type-product","3":"status-publish","4":"has-post-thumbnail","6":"product_brand-drasanvi","7":"product_cat-hormonal-mujer","8":"product_cat-cuidado-personal","9":"product_tag-heredia","10":"product_tag-natural","11":"product_tag-natural-shop","12":"product_tag-san-pablo","14":"first","15":"instock","16":"shipping-taxable","17":"purchasable","18":"product-type-simple"},"jetpack_sharing_enabled":true,"_links":{"self":[{"href":"https:\/\/macronaturalsshop.com\/index.php?rest_route=\/wp\/v2\/product\/3168"}],"collection":[{"href":"https:\/\/macronaturalsshop.com\/index.php?rest_route=\/wp\/v2\/product"}],"about":[{"href":"https:\/\/macronaturalsshop.com\/index.php?rest_route=\/wp\/v2\/types\/product"}],"replies":[{"embeddable":true,"href":"https:\/\/macronaturalsshop.com\/index.php?rest_route=%2Fwp%2Fv2%2Fcomments&post=3168"}],"wp:featuredmedia":[{"embeddable":true,"href":"https:\/\/macronaturalsshop.com\/index.php?rest_route=\/wp\/v2\/media\/3333"}],"wp:attachment":[{"href":"https:\/\/macronaturalsshop.com\/index.php?rest_route=%2Fwp%2Fv2%2Fmedia&parent=3168"}],"wp:term":[{"taxonomy":"product_brand","embeddable":true,"href":"https:\/\/macronaturalsshop.com\/index.php?rest_route=%2Fwp%2Fv2%2Fproduct_brand&post=3168"},{"taxonomy":"product_cat","embeddable":true,"href":"https:\/\/macronaturalsshop.com\/index.php?rest_route=%2Fwp%2Fv2%2Fproduct_cat&post=3168"},{"taxonomy":"product_tag","embeddable":true,"href":"https:\/\/macronaturalsshop.com\/index.php?rest_route=%2Fwp%2Fv2%2Fproduct_tag&post=3168"}],"curies":[{"name":"wp","href":"https:\/\/api.w.org\/{rel}","templated":true}]}}