{"id":3174,"date":"2025-09-06T06:35:20","date_gmt":"2025-09-06T06:35:20","guid":{"rendered":"https:\/\/macronaturalsshop.com\/?post_type=product&#038;p=3174"},"modified":"2025-09-06T21:59:30","modified_gmt":"2025-09-06T21:59:30","slug":"melatonina-bicapa-1mg-30-comprimidos","status":"publish","type":"product","link":"https:\/\/macronaturalsshop.com\/?product=melatonina-bicapa-1mg-30-comprimidos","title":{"rendered":"Melatonina Bicapa 1.9mg 30comp"},"content":{"rendered":"<p>La calidad e higiene del sue\u00f1o son esenciales para nuestro d\u00eda a d\u00eda. Por ello, un sue\u00f1o reparador ayuda a mejorar nuestra vitalidad y calidad de vida. Melatonina Bicapa es un producto destinado a conciliar el sue\u00f1o y promover la relajaci\u00f3n de forma natural gracias a su doble efecto, basado en diferentes velocidades de acci\u00f3n. Por un lado, la capa azul contribuye a conciliar el sue\u00f1o de manera m\u00e1s r\u00e1pida debido a su contenido en\u00a0<strong>melatonia<\/strong>\u00a0y\u00a0<strong>tript\u00f3fano<\/strong>. Y, por el otro, la capa marr\u00f3n hace que la acci\u00f3n de la\u00a0<strong>valeriana<\/strong>\u00a0y la\u00a0<strong>pasiflora<\/strong>\u00a0se vayan notando lentamente durante el proceso de descanso.<\/p>\n","protected":false},"excerpt":{"rendered":"<p>Ayudar a conciliar el sue\u00f1o, disminuir el tiempo necesario para dormirse y aliviar la sensaci\u00f3n subjetiva del jet lag, ya que la melatonina es una hormona que regula el ciclo sue\u00f1o-vigilia.<\/p>\n<p>Usos y beneficios<\/p>\n<ul>\n<li><strong>Conciliar el sue\u00f1o<\/strong>:<\/li>\n<\/ul>\n<p>La melatonina contribuye a reducir el tiempo que tarda una persona en quedarse dormida.<\/p>\n<ul>\n<li><strong>Aliviar el jet lag<\/strong>:<\/li>\n<\/ul>\n<p>Tradicionalmente se ha utilizado para ayudar a las personas a adaptarse a los cambios de horario tras un viaje.<\/p>\n<ul>\n<li><strong>Mejorar el descanso<\/strong>:<\/li>\n<\/ul>\n<p>Ayuda a mejorar la calidad y la duraci\u00f3n del sue\u00f1o, lo que se traduce en una mayor vitalidad y calidad de vida.<\/p>\n","protected":false},"featured_media":3175,"comment_status":"open","ping_status":"closed","template":"","meta":[],"product_brand":[463],"product_cat":[407],"product_tag":[530,502,501,520,503,574],"class_list":{"0":"post-3174","1":"product","2":"type-product","3":"status-publish","4":"has-post-thumbnail","6":"product_brand-drasanvi","7":"product_cat-sueno","8":"product_tag-control-de-estres","9":"product_tag-heredia","10":"product_tag-natural","11":"product_tag-natural-shop","12":"product_tag-san-pablo","13":"product_tag-sueno","15":"first","16":"instock","17":"shipping-taxable","18":"purchasable","19":"product-type-simple"},"jetpack_sharing_enabled":true,"_links":{"self":[{"href":"https:\/\/macronaturalsshop.com\/index.php?rest_route=\/wp\/v2\/product\/3174"}],"collection":[{"href":"https:\/\/macronaturalsshop.com\/index.php?rest_route=\/wp\/v2\/product"}],"about":[{"href":"https:\/\/macronaturalsshop.com\/index.php?rest_route=\/wp\/v2\/types\/product"}],"replies":[{"embeddable":true,"href":"https:\/\/macronaturalsshop.com\/index.php?rest_route=%2Fwp%2Fv2%2Fcomments&post=3174"}],"wp:featuredmedia":[{"embeddable":true,"href":"https:\/\/macronaturalsshop.com\/index.php?rest_route=\/wp\/v2\/media\/3175"}],"wp:attachment":[{"href":"https:\/\/macronaturalsshop.com\/index.php?rest_route=%2Fwp%2Fv2%2Fmedia&parent=3174"}],"wp:term":[{"taxonomy":"product_brand","embeddable":true,"href":"https:\/\/macronaturalsshop.com\/index.php?rest_route=%2Fwp%2Fv2%2Fproduct_brand&post=3174"},{"taxonomy":"product_cat","embeddable":true,"href":"https:\/\/macronaturalsshop.com\/index.php?rest_route=%2Fwp%2Fv2%2Fproduct_cat&post=3174"},{"taxonomy":"product_tag","embeddable":true,"href":"https:\/\/macronaturalsshop.com\/index.php?rest_route=%2Fwp%2Fv2%2Fproduct_tag&post=3174"}],"curies":[{"name":"wp","href":"https:\/\/api.w.org\/{rel}","templated":true}]}}