{"id":3178,"date":"2025-08-15T01:10:02","date_gmt":"2025-08-15T01:10:02","guid":{"rendered":"https:\/\/macronaturalsshop.com\/?post_type=product&#038;p=3178"},"modified":"2025-08-15T16:35:24","modified_gmt":"2025-08-15T16:35:24","slug":"melatonina-1mg-vit-b6-liquida-50-ml","status":"publish","type":"product","link":"https:\/\/macronaturalsshop.com\/?product=melatonina-1mg-vit-b6-liquida-50-ml","title":{"rendered":"Melatonina L\u00edquida 1mg + Vit B6"},"content":{"rendered":"<p>Melatonina de Drasanvi, con 1 mg de melatonina pura por dosis diaria, es un complemento alimenticio, cuyo \u00fanico principio activo es la melatonina. Esta sustancia es una hormona que de manera natural es segregada por la hip\u00f3fisis y regulada por la presencia de luz. Esta hormona se relaciona con el control del reloj biol\u00f3gico, sue\u00f1o-vigilia. La melatonina, tradicionalmente ha sido empleada para contribuir aliviar la sensaci\u00f3n subjetiva del jetlag.<\/p>\n","protected":false},"excerpt":{"rendered":"<p>La melatonina contribuye a disminuir el tiempo necesario para conciliar el sue\u00f1o.<\/p>\n","protected":false},"featured_media":5003,"comment_status":"open","ping_status":"closed","template":"","meta":[],"product_brand":[463],"product_cat":[407],"product_tag":[502,500,501,520,503,574],"class_list":{"0":"post-3178","1":"product","2":"type-product","3":"status-publish","4":"has-post-thumbnail","6":"product_brand-drasanvi","7":"product_cat-sueno","8":"product_tag-heredia","9":"product_tag-macrobiotica","10":"product_tag-natural","11":"product_tag-natural-shop","12":"product_tag-san-pablo","13":"product_tag-sueno","15":"first","16":"instock","17":"shipping-taxable","18":"purchasable","19":"product-type-simple"},"jetpack_sharing_enabled":true,"_links":{"self":[{"href":"https:\/\/macronaturalsshop.com\/index.php?rest_route=\/wp\/v2\/product\/3178"}],"collection":[{"href":"https:\/\/macronaturalsshop.com\/index.php?rest_route=\/wp\/v2\/product"}],"about":[{"href":"https:\/\/macronaturalsshop.com\/index.php?rest_route=\/wp\/v2\/types\/product"}],"replies":[{"embeddable":true,"href":"https:\/\/macronaturalsshop.com\/index.php?rest_route=%2Fwp%2Fv2%2Fcomments&post=3178"}],"wp:featuredmedia":[{"embeddable":true,"href":"https:\/\/macronaturalsshop.com\/index.php?rest_route=\/wp\/v2\/media\/5003"}],"wp:attachment":[{"href":"https:\/\/macronaturalsshop.com\/index.php?rest_route=%2Fwp%2Fv2%2Fmedia&parent=3178"}],"wp:term":[{"taxonomy":"product_brand","embeddable":true,"href":"https:\/\/macronaturalsshop.com\/index.php?rest_route=%2Fwp%2Fv2%2Fproduct_brand&post=3178"},{"taxonomy":"product_cat","embeddable":true,"href":"https:\/\/macronaturalsshop.com\/index.php?rest_route=%2Fwp%2Fv2%2Fproduct_cat&post=3178"},{"taxonomy":"product_tag","embeddable":true,"href":"https:\/\/macronaturalsshop.com\/index.php?rest_route=%2Fwp%2Fv2%2Fproduct_tag&post=3178"}],"curies":[{"name":"wp","href":"https:\/\/api.w.org\/{rel}","templated":true}]}}