{"id":3188,"date":"2025-09-06T07:05:09","date_gmt":"2025-09-06T07:05:09","guid":{"rendered":"https:\/\/macronaturalsshop.com\/?post_type=product&#038;p=3188"},"modified":"2025-09-06T22:22:40","modified_gmt":"2025-09-06T22:22:40","slug":"oseogen-polvo-375g","status":"publish","type":"product","link":"https:\/\/macronaturalsshop.com\/?product=oseogen-polvo-375g","title":{"rendered":"Oseogen Articular Polvo 375 g"},"content":{"rendered":"<p>Contribuye a la formaci\u00f3n de col\u00e1geno para el funcionamiento normal de cart\u00edlagos y huesos. Oseogen articular es un complemento alimenticio \u00fanico que incorpora en su composici\u00f3n nutrientes como el col\u00e1geno marino, el cart\u00edlago de tibur\u00f3n, la condroitina y el sulfato de glucosamina. Adem\u00e1s de la alta concentraci\u00f3n de los nutrientes ya se\u00f1alados, cabe destacar la presencia de 8 Vitaminas (7 de ellas aportan un 100% de cantidad diaria recomendada) y de minerales esenciales. Su forma en polvo facilita la toma al presentar una f\u00e1cil disoluci\u00f3n y un sabor agradable a naranja.<\/p>\n","protected":false},"excerpt":{"rendered":"<p>Favorece la formaci\u00f3n de col\u00e1geno de las articulaciones mejorando su regeneraci\u00f3n.<\/p>\n","protected":false},"featured_media":3189,"comment_status":"open","ping_status":"closed","template":"","meta":[],"product_brand":[463],"product_cat":[430,380,389],"product_tag":[559,502,501,520,503],"class_list":{"0":"post-3188","1":"product","2":"type-product","3":"status-publish","4":"has-post-thumbnail","6":"product_brand-drasanvi","7":"product_cat-antinflamatorio-y-dolores","8":"product_cat-articulaciones","9":"product_cat-colageno","10":"product_tag-colageno","11":"product_tag-heredia","12":"product_tag-natural","13":"product_tag-natural-shop","14":"product_tag-san-pablo","16":"first","17":"instock","18":"shipping-taxable","19":"purchasable","20":"product-type-simple"},"jetpack_sharing_enabled":true,"_links":{"self":[{"href":"https:\/\/macronaturalsshop.com\/index.php?rest_route=\/wp\/v2\/product\/3188"}],"collection":[{"href":"https:\/\/macronaturalsshop.com\/index.php?rest_route=\/wp\/v2\/product"}],"about":[{"href":"https:\/\/macronaturalsshop.com\/index.php?rest_route=\/wp\/v2\/types\/product"}],"replies":[{"embeddable":true,"href":"https:\/\/macronaturalsshop.com\/index.php?rest_route=%2Fwp%2Fv2%2Fcomments&post=3188"}],"wp:featuredmedia":[{"embeddable":true,"href":"https:\/\/macronaturalsshop.com\/index.php?rest_route=\/wp\/v2\/media\/3189"}],"wp:attachment":[{"href":"https:\/\/macronaturalsshop.com\/index.php?rest_route=%2Fwp%2Fv2%2Fmedia&parent=3188"}],"wp:term":[{"taxonomy":"product_brand","embeddable":true,"href":"https:\/\/macronaturalsshop.com\/index.php?rest_route=%2Fwp%2Fv2%2Fproduct_brand&post=3188"},{"taxonomy":"product_cat","embeddable":true,"href":"https:\/\/macronaturalsshop.com\/index.php?rest_route=%2Fwp%2Fv2%2Fproduct_cat&post=3188"},{"taxonomy":"product_tag","embeddable":true,"href":"https:\/\/macronaturalsshop.com\/index.php?rest_route=%2Fwp%2Fv2%2Fproduct_tag&post=3188"}],"curies":[{"name":"wp","href":"https:\/\/api.w.org\/{rel}","templated":true}]}}