{"id":3190,"date":"2025-09-06T07:30:43","date_gmt":"2025-09-06T07:30:43","guid":{"rendered":"https:\/\/macronaturalsshop.com\/?post_type=product&#038;p=3190"},"modified":"2025-09-06T22:26:33","modified_gmt":"2025-09-06T22:26:33","slug":"phytocyst-30-capsulas-120mg","status":"publish","type":"product","link":"https:\/\/macronaturalsshop.com\/?product=phytocyst-30-capsulas-120mg","title":{"rendered":"Phytocyst 120mg 30comp"},"content":{"rendered":"<p>Phytocyst es un complemento alimenticio que se basa en el uso de extracto seco de Ar\u00e1ndano Rojo Americano,<em>\u00a0Vaccimium macrocarpom,<\/em>\u00a0conocido tambi\u00e9n como\u00a0<em>Cranberry.<\/em>El inter\u00e9s por el Ar\u00e1ndano Rojo, en general, \u00a0radica en su gran valor nutricional: fibra, vitaminas y minerales. Pero son las Proantocianidinas (PACs-A), el principio activo m\u00e1s importante presente en los Ar\u00e1ndanos Rojos Americanos.Por eso, el extracto utilizado en Phytocyst<sup>\u00ae<\/sup>\u00a0est\u00e1 titulado en 40% en dicha sustancia. De esta manera, nos aseguramos un gran aporte.Adem\u00e1s de este extracto de primera calidad, se han a\u00f1adido fructooligosac\u00e1ridos, fermentos l\u00e1cticos y Vitamina C, que contribuye al funcionamiento normal del sistema inmunitario.<\/p>\n","protected":false},"excerpt":{"rendered":"<p>Contribuye al funcionamiento normal del sistema inmunol\u00f3gico.<\/p>\n","protected":false},"featured_media":3191,"comment_status":"open","ping_status":"closed","template":"","meta":[],"product_brand":[463],"product_cat":[439,406],"product_tag":[502,501,520,503,568],"class_list":{"0":"post-3190","1":"product","2":"type-product","3":"status-publish","4":"has-post-thumbnail","6":"product_brand-drasanvi","7":"product_cat-hormonal-mujer","8":"product_cat-rinones","9":"product_tag-heredia","10":"product_tag-natural","11":"product_tag-natural-shop","12":"product_tag-san-pablo","13":"product_tag-vitaminas","15":"first","16":"instock","17":"shipping-taxable","18":"purchasable","19":"product-type-simple"},"jetpack_sharing_enabled":true,"_links":{"self":[{"href":"https:\/\/macronaturalsshop.com\/index.php?rest_route=\/wp\/v2\/product\/3190"}],"collection":[{"href":"https:\/\/macronaturalsshop.com\/index.php?rest_route=\/wp\/v2\/product"}],"about":[{"href":"https:\/\/macronaturalsshop.com\/index.php?rest_route=\/wp\/v2\/types\/product"}],"replies":[{"embeddable":true,"href":"https:\/\/macronaturalsshop.com\/index.php?rest_route=%2Fwp%2Fv2%2Fcomments&post=3190"}],"wp:featuredmedia":[{"embeddable":true,"href":"https:\/\/macronaturalsshop.com\/index.php?rest_route=\/wp\/v2\/media\/3191"}],"wp:attachment":[{"href":"https:\/\/macronaturalsshop.com\/index.php?rest_route=%2Fwp%2Fv2%2Fmedia&parent=3190"}],"wp:term":[{"taxonomy":"product_brand","embeddable":true,"href":"https:\/\/macronaturalsshop.com\/index.php?rest_route=%2Fwp%2Fv2%2Fproduct_brand&post=3190"},{"taxonomy":"product_cat","embeddable":true,"href":"https:\/\/macronaturalsshop.com\/index.php?rest_route=%2Fwp%2Fv2%2Fproduct_cat&post=3190"},{"taxonomy":"product_tag","embeddable":true,"href":"https:\/\/macronaturalsshop.com\/index.php?rest_route=%2Fwp%2Fv2%2Fproduct_tag&post=3190"}],"curies":[{"name":"wp","href":"https:\/\/api.w.org\/{rel}","templated":true}]}}