{"id":3194,"date":"2025-08-15T02:00:29","date_gmt":"2025-08-15T02:00:29","guid":{"rendered":"https:\/\/macronaturalsshop.com\/?post_type=product&#038;p=3194"},"modified":"2025-08-15T17:17:08","modified_gmt":"2025-08-15T17:17:08","slug":"triptofano-magnesio-vitamina-b6-60-capsulas","status":"publish","type":"product","link":"https:\/\/macronaturalsshop.com\/?product=triptofano-magnesio-vitamina-b6-60-capsulas","title":{"rendered":"Tript\u00f3fano con Magnesio y Vitamina B6"},"content":{"rendered":"<p>El Tript\u00f3fano es una amino\u00e1cido esencial que se obtiene a partir de la alimentaci\u00f3n y es necesario para la producci\u00f3n de serotonina. Para reforzar la acci\u00f3n, complementamos su acci\u00f3n con magnesio y Vitamina B6, que contribuye a la funci\u00f3n psicol\u00f3gica normal.<\/p>\n","protected":false},"excerpt":{"rendered":"<p>Ayuda a la ansiedad y estr\u00e9s.<\/p>\n","protected":false},"featured_media":5006,"comment_status":"open","ping_status":"closed","template":"","meta":[],"product_brand":[463],"product_cat":[386,404],"product_tag":[532,530,502,500,501,520,503],"class_list":{"0":"post-3194","1":"product","2":"type-product","3":"status-publish","4":"has-post-thumbnail","6":"product_brand-drasanvi","7":"product_cat-magnesio","8":"product_cat-ansiedad-y-estres","9":"product_tag-ansiedad","10":"product_tag-control-de-estres","11":"product_tag-heredia","12":"product_tag-macrobiotica","13":"product_tag-natural","14":"product_tag-natural-shop","15":"product_tag-san-pablo","17":"first","18":"instock","19":"shipping-taxable","20":"purchasable","21":"product-type-simple"},"jetpack_sharing_enabled":true,"_links":{"self":[{"href":"https:\/\/macronaturalsshop.com\/index.php?rest_route=\/wp\/v2\/product\/3194"}],"collection":[{"href":"https:\/\/macronaturalsshop.com\/index.php?rest_route=\/wp\/v2\/product"}],"about":[{"href":"https:\/\/macronaturalsshop.com\/index.php?rest_route=\/wp\/v2\/types\/product"}],"replies":[{"embeddable":true,"href":"https:\/\/macronaturalsshop.com\/index.php?rest_route=%2Fwp%2Fv2%2Fcomments&post=3194"}],"wp:featuredmedia":[{"embeddable":true,"href":"https:\/\/macronaturalsshop.com\/index.php?rest_route=\/wp\/v2\/media\/5006"}],"wp:attachment":[{"href":"https:\/\/macronaturalsshop.com\/index.php?rest_route=%2Fwp%2Fv2%2Fmedia&parent=3194"}],"wp:term":[{"taxonomy":"product_brand","embeddable":true,"href":"https:\/\/macronaturalsshop.com\/index.php?rest_route=%2Fwp%2Fv2%2Fproduct_brand&post=3194"},{"taxonomy":"product_cat","embeddable":true,"href":"https:\/\/macronaturalsshop.com\/index.php?rest_route=%2Fwp%2Fv2%2Fproduct_cat&post=3194"},{"taxonomy":"product_tag","embeddable":true,"href":"https:\/\/macronaturalsshop.com\/index.php?rest_route=%2Fwp%2Fv2%2Fproduct_tag&post=3194"}],"curies":[{"name":"wp","href":"https:\/\/api.w.org\/{rel}","templated":true}]}}