{"id":3201,"date":"2025-09-06T08:05:22","date_gmt":"2025-09-06T08:05:22","guid":{"rendered":"https:\/\/macronaturalsshop.com\/?post_type=product&#038;p=3201"},"modified":"2025-09-06T22:36:23","modified_gmt":"2025-09-06T22:36:23","slug":"vitamina-e-30-perlas","status":"publish","type":"product","link":"https:\/\/macronaturalsshop.com\/?product=vitamina-e-30-perlas","title":{"rendered":"Vitamina E 30 Perlas Nutrabasics"},"content":{"rendered":"<p>La Vitamina E es una vitamina liposoluble. Es decir, se disuelve en grasas y en aceites. La Vitamina E se encuentra en muchos alimentos, principalmente de origen vegetal (espinacas, br\u00f3coli, germen de trigo y levadura de cerveza). La EFSA (Agencia de Seguridad Alimentaria) ha aprobado para la Vitamina E la siguiente propiedad saludable: contribuye a la protecci\u00f3n de las c\u00e9lulas frente al da\u00f1o oxidativo.<\/p>\n","protected":false},"excerpt":{"rendered":"<p>Contribuye a la protecci\u00f3n de las c\u00e9lulas frente al da\u00f1o oxidativo.<\/p>\n","protected":false},"featured_media":3202,"comment_status":"open","ping_status":"closed","template":"","meta":[],"product_brand":[463],"product_cat":[398],"product_tag":[564,502,501,520,503,568],"class_list":{"0":"post-3201","1":"product","2":"type-product","3":"status-publish","4":"has-post-thumbnail","6":"product_brand-drasanvi","7":"product_cat-vit-y-min","8":"product_tag-antioxidante","9":"product_tag-heredia","10":"product_tag-natural","11":"product_tag-natural-shop","12":"product_tag-san-pablo","13":"product_tag-vitaminas","15":"first","16":"instock","17":"shipping-taxable","18":"purchasable","19":"product-type-simple"},"jetpack_sharing_enabled":true,"_links":{"self":[{"href":"https:\/\/macronaturalsshop.com\/index.php?rest_route=\/wp\/v2\/product\/3201"}],"collection":[{"href":"https:\/\/macronaturalsshop.com\/index.php?rest_route=\/wp\/v2\/product"}],"about":[{"href":"https:\/\/macronaturalsshop.com\/index.php?rest_route=\/wp\/v2\/types\/product"}],"replies":[{"embeddable":true,"href":"https:\/\/macronaturalsshop.com\/index.php?rest_route=%2Fwp%2Fv2%2Fcomments&post=3201"}],"wp:featuredmedia":[{"embeddable":true,"href":"https:\/\/macronaturalsshop.com\/index.php?rest_route=\/wp\/v2\/media\/3202"}],"wp:attachment":[{"href":"https:\/\/macronaturalsshop.com\/index.php?rest_route=%2Fwp%2Fv2%2Fmedia&parent=3201"}],"wp:term":[{"taxonomy":"product_brand","embeddable":true,"href":"https:\/\/macronaturalsshop.com\/index.php?rest_route=%2Fwp%2Fv2%2Fproduct_brand&post=3201"},{"taxonomy":"product_cat","embeddable":true,"href":"https:\/\/macronaturalsshop.com\/index.php?rest_route=%2Fwp%2Fv2%2Fproduct_cat&post=3201"},{"taxonomy":"product_tag","embeddable":true,"href":"https:\/\/macronaturalsshop.com\/index.php?rest_route=%2Fwp%2Fv2%2Fproduct_tag&post=3201"}],"curies":[{"name":"wp","href":"https:\/\/api.w.org\/{rel}","templated":true}]}}