{"id":3207,"date":"2025-09-06T08:10:19","date_gmt":"2025-09-06T08:10:19","guid":{"rendered":"https:\/\/macronaturalsshop.com\/?post_type=product&#038;p=3207"},"modified":"2025-09-06T22:40:07","modified_gmt":"2025-09-06T22:40:07","slug":"ynergy-20-viales","status":"publish","type":"product","link":"https:\/\/macronaturalsshop.com\/?product=ynergy-20-viales","title":{"rendered":"Ynergy Energ\u00eda Inmediata"},"content":{"rendered":"<p>Disminuye el cansancio y la fatiga. Ynergy energ\u00eda Inmediata es un complejo multivitam\u00ednico de nueva generaci\u00f3n que incorpora vitaminas y minerales relacionados con la energ\u00eda, as\u00ed como la mezcla de plantas como la Maca, el Ginseng y el Guaran\u00e1. Ynergy\u00a0Energ\u00eda Inmediata est\u00e1 indicado para disminuir la fatiga y evitar el cansancio. Gracias a su c\u00f3modo envase, Ynergy\u00a0Energ\u00eda Inmediata, puede transportarse donde quiera. De esta manera, podremos consumirlo cuando nos encontremos con falta de energ\u00eda.<\/p>\n","protected":false},"excerpt":{"rendered":"<p>Provee energ\u00eda y ayuda a combatir la fatiga.<\/p>\n","protected":false},"featured_media":5360,"comment_status":"open","ping_status":"closed","template":"","meta":[],"product_brand":[463],"product_cat":[393],"product_tag":[560,502,501,520,503,568],"class_list":{"0":"post-3207","1":"product","2":"type-product","3":"status-publish","4":"has-post-thumbnail","6":"product_brand-drasanvi","7":"product_cat-energia","8":"product_tag-energia","9":"product_tag-heredia","10":"product_tag-natural","11":"product_tag-natural-shop","12":"product_tag-san-pablo","13":"product_tag-vitaminas","15":"first","16":"instock","17":"shipping-taxable","18":"purchasable","19":"product-type-simple"},"jetpack_sharing_enabled":true,"_links":{"self":[{"href":"https:\/\/macronaturalsshop.com\/index.php?rest_route=\/wp\/v2\/product\/3207"}],"collection":[{"href":"https:\/\/macronaturalsshop.com\/index.php?rest_route=\/wp\/v2\/product"}],"about":[{"href":"https:\/\/macronaturalsshop.com\/index.php?rest_route=\/wp\/v2\/types\/product"}],"replies":[{"embeddable":true,"href":"https:\/\/macronaturalsshop.com\/index.php?rest_route=%2Fwp%2Fv2%2Fcomments&post=3207"}],"wp:featuredmedia":[{"embeddable":true,"href":"https:\/\/macronaturalsshop.com\/index.php?rest_route=\/wp\/v2\/media\/5360"}],"wp:attachment":[{"href":"https:\/\/macronaturalsshop.com\/index.php?rest_route=%2Fwp%2Fv2%2Fmedia&parent=3207"}],"wp:term":[{"taxonomy":"product_brand","embeddable":true,"href":"https:\/\/macronaturalsshop.com\/index.php?rest_route=%2Fwp%2Fv2%2Fproduct_brand&post=3207"},{"taxonomy":"product_cat","embeddable":true,"href":"https:\/\/macronaturalsshop.com\/index.php?rest_route=%2Fwp%2Fv2%2Fproduct_cat&post=3207"},{"taxonomy":"product_tag","embeddable":true,"href":"https:\/\/macronaturalsshop.com\/index.php?rest_route=%2Fwp%2Fv2%2Fproduct_tag&post=3207"}],"curies":[{"name":"wp","href":"https:\/\/api.w.org\/{rel}","templated":true}]}}