{"id":3209,"date":"2025-09-06T08:15:32","date_gmt":"2025-09-06T08:15:32","guid":{"rendered":"https:\/\/macronaturalsshop.com\/?post_type=product&#038;p=3209"},"modified":"2025-09-06T22:44:57","modified_gmt":"2025-09-06T22:44:57","slug":"aceite-de-higado-de-bacalao-90-perlas","status":"publish","type":"product","link":"https:\/\/macronaturalsshop.com\/?product=aceite-de-higado-de-bacalao-90-perlas","title":{"rendered":"H\u00edgado de Bacalao Bote 90 Perlas Nutrabasics"},"content":{"rendered":"<p>Su consumo est\u00e1 fuertemente arraigado en algunas culturas\u00a0por sus grandes propiedades. Las perlas de Aceite de H\u00edgado de Bacalao de Drasanvi facilitan la toma, evitando su sabor fuerte y caracter\u00edstico.El Aceite de H\u00edgado de Bacalao es rico en\u00a0<strong>\u00c1cidos grasos Omega 3<\/strong>\u00a0(EPA y DHA) y su aporte en\u00a0<strong>Vitamina A y D\u00a0<\/strong>es muy<strong>\u00a0<\/strong>superior al de otros aceites de pescado. Gracias a su contenido\u00a0en Vitamina E,\u00a0<strong>contribuye a la protecci\u00f3n de las c\u00e9lulas frente al da\u00f1o oxidativo<\/strong>.El\u00a0Aceite de H\u00edgado de Bacalao \u00a0que hemos empleado ha sido extra\u00eddo de h\u00edgados de bacalao del Atl\u00e1ntico, cocin\u00e1ndolos al vapor\u00a0y prens\u00e1ndolos para extraer el aceite. El proceso\u00a0cumple con los m\u00e1s exigentes controles de metales pesados y otros contaminantes.<\/p>\n","protected":false},"excerpt":{"rendered":"<p>Contribuye a la protecci\u00f3n de las c\u00e9lulas frente al da\u00f1o oxidativo.<\/p>\n","protected":false},"featured_media":3210,"comment_status":"open","ping_status":"closed","template":"","meta":[],"product_brand":[463],"product_cat":[395],"product_tag":[564,502,500,501,520,503,568],"class_list":{"0":"post-3209","1":"product","2":"type-product","3":"status-publish","4":"has-post-thumbnail","6":"product_brand-drasanvi","7":"product_cat-trigliceridos","8":"product_tag-antioxidante","9":"product_tag-heredia","10":"product_tag-macrobiotica","11":"product_tag-natural","12":"product_tag-natural-shop","13":"product_tag-san-pablo","14":"product_tag-vitaminas","16":"first","17":"instock","18":"shipping-taxable","19":"purchasable","20":"product-type-simple"},"jetpack_sharing_enabled":true,"_links":{"self":[{"href":"https:\/\/macronaturalsshop.com\/index.php?rest_route=\/wp\/v2\/product\/3209"}],"collection":[{"href":"https:\/\/macronaturalsshop.com\/index.php?rest_route=\/wp\/v2\/product"}],"about":[{"href":"https:\/\/macronaturalsshop.com\/index.php?rest_route=\/wp\/v2\/types\/product"}],"replies":[{"embeddable":true,"href":"https:\/\/macronaturalsshop.com\/index.php?rest_route=%2Fwp%2Fv2%2Fcomments&post=3209"}],"wp:featuredmedia":[{"embeddable":true,"href":"https:\/\/macronaturalsshop.com\/index.php?rest_route=\/wp\/v2\/media\/3210"}],"wp:attachment":[{"href":"https:\/\/macronaturalsshop.com\/index.php?rest_route=%2Fwp%2Fv2%2Fmedia&parent=3209"}],"wp:term":[{"taxonomy":"product_brand","embeddable":true,"href":"https:\/\/macronaturalsshop.com\/index.php?rest_route=%2Fwp%2Fv2%2Fproduct_brand&post=3209"},{"taxonomy":"product_cat","embeddable":true,"href":"https:\/\/macronaturalsshop.com\/index.php?rest_route=%2Fwp%2Fv2%2Fproduct_cat&post=3209"},{"taxonomy":"product_tag","embeddable":true,"href":"https:\/\/macronaturalsshop.com\/index.php?rest_route=%2Fwp%2Fv2%2Fproduct_tag&post=3209"}],"curies":[{"name":"wp","href":"https:\/\/api.w.org\/{rel}","templated":true}]}}