{"id":3213,"date":"2025-08-15T03:00:23","date_gmt":"2025-08-15T03:00:23","guid":{"rendered":"https:\/\/macronaturalsshop.com\/?post_type=product&#038;p=3213"},"modified":"2025-08-15T19:51:00","modified_gmt":"2025-08-15T19:51:00","slug":"superalimentos-matcha-70g","status":"publish","type":"product","link":"https:\/\/macronaturalsshop.com\/?product=superalimentos-matcha-70g","title":{"rendered":"Matcha ceremonial Bio 70 g superalimentos"},"content":{"rendered":"<p>El T\u00e9 matcha se lleva usando durante milenios en Jap\u00f3n en las populares ceremonias del t\u00e9.  Est\u00e1 hecho de hojas de t\u00e9 cultivadas a la sombra, evitando la luz solar directa y estimulando el crecimiento de la clorofila. Solo los brotes de t\u00e9 m\u00e1s finos se recogen y se secan para crear el polvo fino de color verde brillante. Tiene un sabor \u00fanico y distintivo. Mientras m\u00e1s alta sea la calidad, m\u00e1s dulce y menos astringente es el sabor. Nuestro Matcha es de grado ceremonial, adem\u00e1s contiene altos niveles de antioxidantes. El T\u00e9 Matcha tambi\u00e9n se puede utilizar como ingrediente alimentario en la preparaci\u00f3n de numerosos platos.<\/p>\n","protected":false},"excerpt":{"rendered":"<p>El T\u00e9 matcha se lleva usando durante milenios en Jap\u00f3n en las populares ceremonias del t\u00e9.  Est\u00e1 hecho de hojas de t\u00e9 cultivadas a la sombra, evitando la luz solar directa y estimulando el crecimiento de la clorofila. Solo los brotes de t\u00e9 m\u00e1s finos se recogen yse secan para crear el polvo fino de color verde brillante. Tiene un sabor \u00fanico y distintivo. Mientras m\u00e1s alta sea la calidad, m\u00e1s dulce y menos astringente es el sabor. El T\u00e9 Matcha tambi\u00e9n se puede utilizar como ingrediente alimentario en la preparaci\u00f3n de numerosos platos<\/p>\n","protected":false},"featured_media":3214,"comment_status":"open","ping_status":"closed","template":"","meta":[],"product_brand":[463],"product_cat":[436],"product_tag":[502,500,501,520,503,504],"class_list":{"0":"post-3213","1":"product","2":"type-product","3":"status-publish","4":"has-post-thumbnail","6":"product_brand-drasanvi","7":"product_cat-te","8":"product_tag-heredia","9":"product_tag-macrobiotica","10":"product_tag-natural","11":"product_tag-natural-shop","12":"product_tag-san-pablo","13":"product_tag-te","15":"first","16":"instock","17":"shipping-taxable","18":"purchasable","19":"product-type-simple"},"jetpack_sharing_enabled":true,"_links":{"self":[{"href":"https:\/\/macronaturalsshop.com\/index.php?rest_route=\/wp\/v2\/product\/3213"}],"collection":[{"href":"https:\/\/macronaturalsshop.com\/index.php?rest_route=\/wp\/v2\/product"}],"about":[{"href":"https:\/\/macronaturalsshop.com\/index.php?rest_route=\/wp\/v2\/types\/product"}],"replies":[{"embeddable":true,"href":"https:\/\/macronaturalsshop.com\/index.php?rest_route=%2Fwp%2Fv2%2Fcomments&post=3213"}],"wp:featuredmedia":[{"embeddable":true,"href":"https:\/\/macronaturalsshop.com\/index.php?rest_route=\/wp\/v2\/media\/3214"}],"wp:attachment":[{"href":"https:\/\/macronaturalsshop.com\/index.php?rest_route=%2Fwp%2Fv2%2Fmedia&parent=3213"}],"wp:term":[{"taxonomy":"product_brand","embeddable":true,"href":"https:\/\/macronaturalsshop.com\/index.php?rest_route=%2Fwp%2Fv2%2Fproduct_brand&post=3213"},{"taxonomy":"product_cat","embeddable":true,"href":"https:\/\/macronaturalsshop.com\/index.php?rest_route=%2Fwp%2Fv2%2Fproduct_cat&post=3213"},{"taxonomy":"product_tag","embeddable":true,"href":"https:\/\/macronaturalsshop.com\/index.php?rest_route=%2Fwp%2Fv2%2Fproduct_tag&post=3213"}],"curies":[{"name":"wp","href":"https:\/\/api.w.org\/{rel}","templated":true}]}}