{"id":3217,"date":"2025-08-15T05:30:50","date_gmt":"2025-08-15T05:30:50","guid":{"rendered":"https:\/\/macronaturalsshop.com\/?post_type=product&#038;p=3217"},"modified":"2025-08-15T21:24:08","modified_gmt":"2025-08-15T21:24:08","slug":"superalimentos-alga-spirulina-150g","status":"publish","type":"product","link":"https:\/\/macronaturalsshop.com\/?product=superalimentos-alga-spirulina-150g","title":{"rendered":"Alga Spirulina Bio 150 g Doypack Superalimentos"},"content":{"rendered":"<p>Aunque su historia se remonta al Imperio Azteca, la Spirulina se ha empezado a incorporar a la alimentaci\u00f3n desde hace, relativamente, pocos a\u00f1os. Este alimento se caracteriza por su riqueza en prote\u00ednas, m\u00e1s del 50% de su composici\u00f3n, que aportan 8 amino\u00e1cidos esenciales, aquellos que el cuerpo no puede sintetizar. Esta composici\u00f3n ha propiciado que la ONU le preste atenci\u00f3n, especialmente en situaciones de desnutrici\u00f3n. Tal es as\u00ed que la Spirulina fue declarada en la Conferencia Mundial de Alimentaci\u00f3n de la ONU de 1974, como EL MEJOR ALIMENTO PARA EL FUTURO.<\/p>\n","protected":false},"excerpt":{"rendered":"<p>Este alimento se caracteriza por su riqueza en prote\u00ednas, m\u00e1s del 50% de su composici\u00f3n, que aportan 8 amino\u00e1cidos esenciales, aquellos que el cuerpo no puede sintetizar.<\/p>\n","protected":false},"featured_media":5025,"comment_status":"open","ping_status":"closed","template":"","meta":[],"product_brand":[463],"product_cat":[436],"product_tag":[502,500,501,520,503,504],"class_list":{"0":"post-3217","1":"product","2":"type-product","3":"status-publish","4":"has-post-thumbnail","6":"product_brand-drasanvi","7":"product_cat-te","8":"product_tag-heredia","9":"product_tag-macrobiotica","10":"product_tag-natural","11":"product_tag-natural-shop","12":"product_tag-san-pablo","13":"product_tag-te","15":"first","16":"instock","17":"shipping-taxable","18":"purchasable","19":"product-type-simple"},"jetpack_sharing_enabled":true,"_links":{"self":[{"href":"https:\/\/macronaturalsshop.com\/index.php?rest_route=\/wp\/v2\/product\/3217"}],"collection":[{"href":"https:\/\/macronaturalsshop.com\/index.php?rest_route=\/wp\/v2\/product"}],"about":[{"href":"https:\/\/macronaturalsshop.com\/index.php?rest_route=\/wp\/v2\/types\/product"}],"replies":[{"embeddable":true,"href":"https:\/\/macronaturalsshop.com\/index.php?rest_route=%2Fwp%2Fv2%2Fcomments&post=3217"}],"wp:featuredmedia":[{"embeddable":true,"href":"https:\/\/macronaturalsshop.com\/index.php?rest_route=\/wp\/v2\/media\/5025"}],"wp:attachment":[{"href":"https:\/\/macronaturalsshop.com\/index.php?rest_route=%2Fwp%2Fv2%2Fmedia&parent=3217"}],"wp:term":[{"taxonomy":"product_brand","embeddable":true,"href":"https:\/\/macronaturalsshop.com\/index.php?rest_route=%2Fwp%2Fv2%2Fproduct_brand&post=3217"},{"taxonomy":"product_cat","embeddable":true,"href":"https:\/\/macronaturalsshop.com\/index.php?rest_route=%2Fwp%2Fv2%2Fproduct_cat&post=3217"},{"taxonomy":"product_tag","embeddable":true,"href":"https:\/\/macronaturalsshop.com\/index.php?rest_route=%2Fwp%2Fv2%2Fproduct_tag&post=3217"}],"curies":[{"name":"wp","href":"https:\/\/api.w.org\/{rel}","templated":true}]}}