{"id":3219,"date":"2025-09-06T08:25:21","date_gmt":"2025-09-06T08:25:21","guid":{"rendered":"https:\/\/macronaturalsshop.com\/?post_type=product&#038;p=3219"},"modified":"2025-09-07T03:28:18","modified_gmt":"2025-09-07T03:28:18","slug":"aceite-esencial-bergamota-10ml","status":"publish","type":"product","link":"https:\/\/macronaturalsshop.com\/?product=aceite-esencial-bergamota-10ml","title":{"rendered":"Aceite Esencial Bergamota BIO 10 ml"},"content":{"rendered":"<p>Perteneciente a la familia de las rut\u00e1ceas, la bergamota es un c\u00edtrico m\u00e1s. Su aceite esencial tiene un aroma sutil y agradable, presente en diferentes sinergias de difusi\u00f3n por este mismo motivo. Es un aceite esencial que cuenta con multitud de estudios que corroboran su efecto sedante sobre el sistema nervioso, por lo que es muy usado para calmar el nerviosismo y ayudar a reducir el estr\u00e9s.<\/p>\n","protected":false},"excerpt":{"rendered":"<p>Es un aceite esencial que cuenta con multitud de estudios que corroboran su efecto sedante sobre el sistema nervioso, por lo que es muy usado para calmar el nerviosismo y ayudar a reducir el estr\u00e9s.<\/p>\n","protected":false},"featured_media":3220,"comment_status":"open","ping_status":"closed","template":"","meta":[],"product_brand":[463],"product_cat":[374],"product_tag":[642,530,502,500,501,520,503],"class_list":{"0":"post-3219","1":"product","2":"type-product","3":"status-publish","4":"has-post-thumbnail","6":"product_brand-drasanvi","7":"product_cat-aceites-esenciales","8":"product_tag-aceite-essencial","9":"product_tag-control-de-estres","10":"product_tag-heredia","11":"product_tag-macrobiotica","12":"product_tag-natural","13":"product_tag-natural-shop","14":"product_tag-san-pablo","16":"first","17":"instock","18":"shipping-taxable","19":"purchasable","20":"product-type-simple"},"jetpack_sharing_enabled":true,"_links":{"self":[{"href":"https:\/\/macronaturalsshop.com\/index.php?rest_route=\/wp\/v2\/product\/3219"}],"collection":[{"href":"https:\/\/macronaturalsshop.com\/index.php?rest_route=\/wp\/v2\/product"}],"about":[{"href":"https:\/\/macronaturalsshop.com\/index.php?rest_route=\/wp\/v2\/types\/product"}],"replies":[{"embeddable":true,"href":"https:\/\/macronaturalsshop.com\/index.php?rest_route=%2Fwp%2Fv2%2Fcomments&post=3219"}],"wp:featuredmedia":[{"embeddable":true,"href":"https:\/\/macronaturalsshop.com\/index.php?rest_route=\/wp\/v2\/media\/3220"}],"wp:attachment":[{"href":"https:\/\/macronaturalsshop.com\/index.php?rest_route=%2Fwp%2Fv2%2Fmedia&parent=3219"}],"wp:term":[{"taxonomy":"product_brand","embeddable":true,"href":"https:\/\/macronaturalsshop.com\/index.php?rest_route=%2Fwp%2Fv2%2Fproduct_brand&post=3219"},{"taxonomy":"product_cat","embeddable":true,"href":"https:\/\/macronaturalsshop.com\/index.php?rest_route=%2Fwp%2Fv2%2Fproduct_cat&post=3219"},{"taxonomy":"product_tag","embeddable":true,"href":"https:\/\/macronaturalsshop.com\/index.php?rest_route=%2Fwp%2Fv2%2Fproduct_tag&post=3219"}],"curies":[{"name":"wp","href":"https:\/\/api.w.org\/{rel}","templated":true}]}}