{"id":3224,"date":"2025-07-22T23:07:17","date_gmt":"2025-07-22T23:07:17","guid":{"rendered":"https:\/\/macronaturalsshop.com\/?post_type=product&#038;p=3224"},"modified":"2025-07-23T01:37:28","modified_gmt":"2025-07-23T01:37:28","slug":"aceite-calendula-50ml","status":"publish","type":"product","link":"https:\/\/macronaturalsshop.com\/?product=aceite-calendula-50ml","title":{"rendered":"Aceite Cal\u00e9ndula 50ml"},"content":{"rendered":"<p>El aceite vegetal de Cal\u00e9ndula de Vitaroms es obtenido por la maceraci\u00f3n de sus flores en un aceite base BIO. Esto nos asegura contar con todas las propiedades que nos ofrece la planta y, adem\u00e1s, todos los beneficios de un aceite de base BIO, el cual contiene todos sus \u00e1cidos grasos, minerales y vitaminas intactos.<\/p>\n","protected":false},"excerpt":{"rendered":"<p>El aceite de calendula tiene propiedades a nivel calmante de la piel, lo que la convierte en un remedio de primera emergencia en cualquier irritaci\u00f3n cut\u00e1nea, sobre todo, en las pieles m\u00e1s sensibles, como pueden ser las de beb\u00e9s o ancianos.<\/p>\n","protected":false},"featured_media":3225,"comment_status":"open","ping_status":"closed","template":"","meta":[],"product_brand":[463],"product_cat":[374,408,411],"product_tag":[529,524,502,500,501,503],"class_list":{"0":"post-3224","1":"product","2":"type-product","3":"status-publish","4":"has-post-thumbnail","6":"product_brand-drasanvi","7":"product_cat-aceites-esenciales","8":"product_cat-cuidado-personal","9":"product_cat-ninos","10":"product_tag-alergias-de-piel","11":"product_tag-cuidado-de-piel","12":"product_tag-heredia","13":"product_tag-macrobiotica","14":"product_tag-natural","15":"product_tag-san-pablo","17":"first","18":"instock","19":"shipping-taxable","20":"purchasable","21":"product-type-simple"},"jetpack_sharing_enabled":true,"_links":{"self":[{"href":"https:\/\/macronaturalsshop.com\/index.php?rest_route=\/wp\/v2\/product\/3224"}],"collection":[{"href":"https:\/\/macronaturalsshop.com\/index.php?rest_route=\/wp\/v2\/product"}],"about":[{"href":"https:\/\/macronaturalsshop.com\/index.php?rest_route=\/wp\/v2\/types\/product"}],"replies":[{"embeddable":true,"href":"https:\/\/macronaturalsshop.com\/index.php?rest_route=%2Fwp%2Fv2%2Fcomments&post=3224"}],"wp:featuredmedia":[{"embeddable":true,"href":"https:\/\/macronaturalsshop.com\/index.php?rest_route=\/wp\/v2\/media\/3225"}],"wp:attachment":[{"href":"https:\/\/macronaturalsshop.com\/index.php?rest_route=%2Fwp%2Fv2%2Fmedia&parent=3224"}],"wp:term":[{"taxonomy":"product_brand","embeddable":true,"href":"https:\/\/macronaturalsshop.com\/index.php?rest_route=%2Fwp%2Fv2%2Fproduct_brand&post=3224"},{"taxonomy":"product_cat","embeddable":true,"href":"https:\/\/macronaturalsshop.com\/index.php?rest_route=%2Fwp%2Fv2%2Fproduct_cat&post=3224"},{"taxonomy":"product_tag","embeddable":true,"href":"https:\/\/macronaturalsshop.com\/index.php?rest_route=%2Fwp%2Fv2%2Fproduct_tag&post=3224"}],"curies":[{"name":"wp","href":"https:\/\/api.w.org\/{rel}","templated":true}]}}