{"id":3228,"date":"2025-09-21T07:05:58","date_gmt":"2025-09-21T07:05:58","guid":{"rendered":"https:\/\/macronaturalsshop.com\/?post_type=product&#038;p=3228"},"modified":"2025-09-22T01:33:36","modified_gmt":"2025-09-22T01:33:36","slug":"aceite-esencial-limon-10ml","status":"publish","type":"product","link":"https:\/\/macronaturalsshop.com\/?product=aceite-esencial-limon-10ml","title":{"rendered":"Aceite Esencial Lim\u00f3n BIO 10 ml"},"content":{"rendered":"<p>Es uno de los c\u00edtricos m\u00e1s conocidos y de \u00e9l obtenemos un aceite esencial con un peculiar aroma limpio y fresco que ayuda a revitalizar cuerpo y mente. El de lim\u00f3n, muy apreciado tanto en el \u00e1mbito cosm\u00e9tico como alimentario, es, sin duda, un aceite esencial de referencia y uso muy extendido.<\/p>\n","protected":false},"excerpt":{"rendered":"<p>El de lim\u00f3n, muy apreciado tanto en el \u00e1mbito cosm\u00e9tico como alimentario, es, sin duda, un aceite esencial de referencia y uso muy extendido.<\/p>\n","protected":false},"featured_media":3229,"comment_status":"open","ping_status":"closed","template":"","meta":[],"product_brand":[463],"product_cat":[374],"product_tag":[530,502,500,501,520,503],"class_list":{"0":"post-3228","1":"product","2":"type-product","3":"status-publish","4":"has-post-thumbnail","6":"product_brand-drasanvi","7":"product_cat-aceites-esenciales","8":"product_tag-control-de-estres","9":"product_tag-heredia","10":"product_tag-macrobiotica","11":"product_tag-natural","12":"product_tag-natural-shop","13":"product_tag-san-pablo","15":"first","16":"instock","17":"shipping-taxable","18":"purchasable","19":"product-type-simple"},"jetpack_sharing_enabled":true,"_links":{"self":[{"href":"https:\/\/macronaturalsshop.com\/index.php?rest_route=\/wp\/v2\/product\/3228"}],"collection":[{"href":"https:\/\/macronaturalsshop.com\/index.php?rest_route=\/wp\/v2\/product"}],"about":[{"href":"https:\/\/macronaturalsshop.com\/index.php?rest_route=\/wp\/v2\/types\/product"}],"replies":[{"embeddable":true,"href":"https:\/\/macronaturalsshop.com\/index.php?rest_route=%2Fwp%2Fv2%2Fcomments&post=3228"}],"wp:featuredmedia":[{"embeddable":true,"href":"https:\/\/macronaturalsshop.com\/index.php?rest_route=\/wp\/v2\/media\/3229"}],"wp:attachment":[{"href":"https:\/\/macronaturalsshop.com\/index.php?rest_route=%2Fwp%2Fv2%2Fmedia&parent=3228"}],"wp:term":[{"taxonomy":"product_brand","embeddable":true,"href":"https:\/\/macronaturalsshop.com\/index.php?rest_route=%2Fwp%2Fv2%2Fproduct_brand&post=3228"},{"taxonomy":"product_cat","embeddable":true,"href":"https:\/\/macronaturalsshop.com\/index.php?rest_route=%2Fwp%2Fv2%2Fproduct_cat&post=3228"},{"taxonomy":"product_tag","embeddable":true,"href":"https:\/\/macronaturalsshop.com\/index.php?rest_route=%2Fwp%2Fv2%2Fproduct_tag&post=3228"}],"curies":[{"name":"wp","href":"https:\/\/api.w.org\/{rel}","templated":true}]}}