{"id":3230,"date":"2025-09-06T08:40:48","date_gmt":"2025-09-06T08:40:48","guid":{"rendered":"https:\/\/macronaturalsshop.com\/?post_type=product&#038;p=3230"},"modified":"2025-09-07T03:27:32","modified_gmt":"2025-09-07T03:27:32","slug":"aceite-esencial-mandarina-verde-10ml","status":"publish","type":"product","link":"https:\/\/macronaturalsshop.com\/?product=aceite-esencial-mandarina-verde-10ml","title":{"rendered":"Aceite Esencial Mandarina verde BIO 10 ml"},"content":{"rendered":"<p>El aceite esencial de mandarina verde es sin duda uno de los m\u00e1s usados, ya que se establece como un remedio pedi\u00e1trico por excelencia, ayudando a mejorar las digestiones y calmando el nerviosismo de los m\u00e1s peque\u00f1os de la casa.<\/p>\n","protected":false},"excerpt":{"rendered":"<p>El aceite esencial de mandarina verde es sin duda uno de los m\u00e1s usados, ya que se establece como un remedio pedi\u00e1trico por excelencia, ayudando a mejorar las digestiones y calmando el nerviosismo de los m\u00e1s peque\u00f1os de la casa.<\/p>\n","protected":false},"featured_media":3231,"comment_status":"open","ping_status":"closed","template":"","meta":[],"product_brand":[463],"product_cat":[374],"product_tag":[642,502,500,501,520,503],"class_list":{"0":"post-3230","1":"product","2":"type-product","3":"status-publish","4":"has-post-thumbnail","6":"product_brand-drasanvi","7":"product_cat-aceites-esenciales","8":"product_tag-aceite-essencial","9":"product_tag-heredia","10":"product_tag-macrobiotica","11":"product_tag-natural","12":"product_tag-natural-shop","13":"product_tag-san-pablo","15":"first","16":"instock","17":"shipping-taxable","18":"purchasable","19":"product-type-simple"},"jetpack_sharing_enabled":true,"_links":{"self":[{"href":"https:\/\/macronaturalsshop.com\/index.php?rest_route=\/wp\/v2\/product\/3230"}],"collection":[{"href":"https:\/\/macronaturalsshop.com\/index.php?rest_route=\/wp\/v2\/product"}],"about":[{"href":"https:\/\/macronaturalsshop.com\/index.php?rest_route=\/wp\/v2\/types\/product"}],"replies":[{"embeddable":true,"href":"https:\/\/macronaturalsshop.com\/index.php?rest_route=%2Fwp%2Fv2%2Fcomments&post=3230"}],"wp:featuredmedia":[{"embeddable":true,"href":"https:\/\/macronaturalsshop.com\/index.php?rest_route=\/wp\/v2\/media\/3231"}],"wp:attachment":[{"href":"https:\/\/macronaturalsshop.com\/index.php?rest_route=%2Fwp%2Fv2%2Fmedia&parent=3230"}],"wp:term":[{"taxonomy":"product_brand","embeddable":true,"href":"https:\/\/macronaturalsshop.com\/index.php?rest_route=%2Fwp%2Fv2%2Fproduct_brand&post=3230"},{"taxonomy":"product_cat","embeddable":true,"href":"https:\/\/macronaturalsshop.com\/index.php?rest_route=%2Fwp%2Fv2%2Fproduct_cat&post=3230"},{"taxonomy":"product_tag","embeddable":true,"href":"https:\/\/macronaturalsshop.com\/index.php?rest_route=%2Fwp%2Fv2%2Fproduct_tag&post=3230"}],"curies":[{"name":"wp","href":"https:\/\/api.w.org\/{rel}","templated":true}]}}