{"id":3232,"date":"2025-09-06T08:45:16","date_gmt":"2025-09-06T08:45:16","guid":{"rendered":"https:\/\/macronaturalsshop.com\/?post_type=product&#038;p=3232"},"modified":"2025-09-07T03:30:47","modified_gmt":"2025-09-07T03:30:47","slug":"aceite-esencial-menta-piperita-10ml","status":"publish","type":"product","link":"https:\/\/macronaturalsshop.com\/?product=aceite-esencial-menta-piperita-10ml","title":{"rendered":"Aceite Esencial Menta piperita BIO 10 ml"},"content":{"rendered":"<p>La menta piperita es uno de los mejores remedios carminativos que el hombre conoce y usa desde la antig\u00fcedad. Es un gran estimulante de la funci\u00f3n hep\u00e1tica gracias a su contenido en mentona, lo que tambi\u00e9n le confiere un efecto t\u00f3nico a nivel digestivo, mejorando las digestiones,\u00a0 aliviando las flatulencias y otros s\u00edntomas relacionados.<\/p>\n","protected":false},"excerpt":{"rendered":"<p>Es un gran estimulante de la funci\u00f3n hep\u00e1tica gracias a su contenido en mentona, lo que tambi\u00e9n le confiere un efecto t\u00f3nico a nivel digestivo, mejorando las digestiones,\u00a0 aliviando las flatulencias y otros s\u00edntomas relacionados.<\/p>\n","protected":false},"featured_media":3233,"comment_status":"open","ping_status":"closed","template":"","meta":[],"product_brand":[463],"product_cat":[374],"product_tag":[642,502,520,503],"class_list":{"0":"post-3232","1":"product","2":"type-product","3":"status-publish","4":"has-post-thumbnail","6":"product_brand-drasanvi","7":"product_cat-aceites-esenciales","8":"product_tag-aceite-essencial","9":"product_tag-heredia","10":"product_tag-natural-shop","11":"product_tag-san-pablo","13":"first","14":"instock","15":"shipping-taxable","16":"purchasable","17":"product-type-simple"},"jetpack_sharing_enabled":true,"_links":{"self":[{"href":"https:\/\/macronaturalsshop.com\/index.php?rest_route=\/wp\/v2\/product\/3232"}],"collection":[{"href":"https:\/\/macronaturalsshop.com\/index.php?rest_route=\/wp\/v2\/product"}],"about":[{"href":"https:\/\/macronaturalsshop.com\/index.php?rest_route=\/wp\/v2\/types\/product"}],"replies":[{"embeddable":true,"href":"https:\/\/macronaturalsshop.com\/index.php?rest_route=%2Fwp%2Fv2%2Fcomments&post=3232"}],"wp:featuredmedia":[{"embeddable":true,"href":"https:\/\/macronaturalsshop.com\/index.php?rest_route=\/wp\/v2\/media\/3233"}],"wp:attachment":[{"href":"https:\/\/macronaturalsshop.com\/index.php?rest_route=%2Fwp%2Fv2%2Fmedia&parent=3232"}],"wp:term":[{"taxonomy":"product_brand","embeddable":true,"href":"https:\/\/macronaturalsshop.com\/index.php?rest_route=%2Fwp%2Fv2%2Fproduct_brand&post=3232"},{"taxonomy":"product_cat","embeddable":true,"href":"https:\/\/macronaturalsshop.com\/index.php?rest_route=%2Fwp%2Fv2%2Fproduct_cat&post=3232"},{"taxonomy":"product_tag","embeddable":true,"href":"https:\/\/macronaturalsshop.com\/index.php?rest_route=%2Fwp%2Fv2%2Fproduct_tag&post=3232"}],"curies":[{"name":"wp","href":"https:\/\/api.w.org\/{rel}","templated":true}]}}