{"id":3234,"date":"2025-09-06T08:50:01","date_gmt":"2025-09-06T08:50:01","guid":{"rendered":"https:\/\/macronaturalsshop.com\/?post_type=product&#038;p=3234"},"modified":"2025-09-07T03:33:47","modified_gmt":"2025-09-07T03:33:47","slug":"aceite-esencial-naranjo-amargo-10ml","status":"publish","type":"product","link":"https:\/\/macronaturalsshop.com\/?product=aceite-esencial-naranjo-amargo-10ml","title":{"rendered":"Aceite Esencial Naranjo amargo BIO 10 ml"},"content":{"rendered":"<p>El naranjo amargo es, tambi\u00e9n, conocido como naranja agria o naranja andaluza. Este \u00faltimo apelativo es propiciado por la costumbre en Andaluc\u00eda de sembrar por sus calles este c\u00edtrico para disfrutar del deleite visual y arom\u00e1tico que proporciona cuando est\u00e1 en flor. El aceite esencial de sus frutos es, especialmente, usado en industria alimentaria y perfumer\u00eda. El de sus flores nos aporta el aceite esencial conocido como \u00abNeroli\u00bb toda una delicia para los amantes de esta arom\u00e1tica flor. Y, por \u00faltimo, de la destilaci\u00f3n al vapor de sus hojas se extrae el aceite esencial conocido como naranjo amargo o petitgrain, usado, tanto en alimentaci\u00f3n como en perfumer\u00eda.<\/p>\n","protected":false},"excerpt":{"rendered":"<p>El aceite esencial de sus frutos es, especialmente, usado en industria alimentaria y perfumer\u00eda.<\/p>\n","protected":false},"featured_media":3235,"comment_status":"open","ping_status":"closed","template":"","meta":[],"product_brand":[463],"product_cat":[374],"product_tag":[642,502,500,520,503],"class_list":{"0":"post-3234","1":"product","2":"type-product","3":"status-publish","4":"has-post-thumbnail","6":"product_brand-drasanvi","7":"product_cat-aceites-esenciales","8":"product_tag-aceite-essencial","9":"product_tag-heredia","10":"product_tag-macrobiotica","11":"product_tag-natural-shop","12":"product_tag-san-pablo","14":"first","15":"instock","16":"shipping-taxable","17":"purchasable","18":"product-type-simple"},"jetpack_sharing_enabled":true,"_links":{"self":[{"href":"https:\/\/macronaturalsshop.com\/index.php?rest_route=\/wp\/v2\/product\/3234"}],"collection":[{"href":"https:\/\/macronaturalsshop.com\/index.php?rest_route=\/wp\/v2\/product"}],"about":[{"href":"https:\/\/macronaturalsshop.com\/index.php?rest_route=\/wp\/v2\/types\/product"}],"replies":[{"embeddable":true,"href":"https:\/\/macronaturalsshop.com\/index.php?rest_route=%2Fwp%2Fv2%2Fcomments&post=3234"}],"wp:featuredmedia":[{"embeddable":true,"href":"https:\/\/macronaturalsshop.com\/index.php?rest_route=\/wp\/v2\/media\/3235"}],"wp:attachment":[{"href":"https:\/\/macronaturalsshop.com\/index.php?rest_route=%2Fwp%2Fv2%2Fmedia&parent=3234"}],"wp:term":[{"taxonomy":"product_brand","embeddable":true,"href":"https:\/\/macronaturalsshop.com\/index.php?rest_route=%2Fwp%2Fv2%2Fproduct_brand&post=3234"},{"taxonomy":"product_cat","embeddable":true,"href":"https:\/\/macronaturalsshop.com\/index.php?rest_route=%2Fwp%2Fv2%2Fproduct_cat&post=3234"},{"taxonomy":"product_tag","embeddable":true,"href":"https:\/\/macronaturalsshop.com\/index.php?rest_route=%2Fwp%2Fv2%2Fproduct_tag&post=3234"}],"curies":[{"name":"wp","href":"https:\/\/api.w.org\/{rel}","templated":true}]}}