{"id":3236,"date":"2025-07-20T17:00:09","date_gmt":"2025-07-20T17:00:09","guid":{"rendered":"https:\/\/macronaturalsshop.com\/?post_type=product&#038;p=3236"},"modified":"2025-07-23T01:07:43","modified_gmt":"2025-07-23T01:07:43","slug":"aceite-almendras-50ml","status":"publish","type":"product","link":"https:\/\/macronaturalsshop.com\/?product=aceite-almendras-50ml","title":{"rendered":"Aceite Almendras 50ml"},"content":{"rendered":"<p>El aceite vegetal de almendras de Vitaroms es obtenido por primera presi\u00f3n en fr\u00edo de las semillas maduras de Prunus amygdalus dulcis. Esto nos asegura que todos sus componentes se mantengan intactos, proporcionando, as\u00ed, grandes beneficios al organismo. Contiene, principalmente, vitaminas A, D y E, as\u00ed como, \u00e1cido oleico (omega 9) y \u00e1cido linoleico (omega 6). Es un aceite ideal para pieles delicadas, tanto en beb\u00e9s como en ancianos, para irritaciones, picores externos, grietas y masaje.<br \/>\nAplicar en la piel y masajear hasta su completa absorci\u00f3n.<\/p>\n","protected":false},"excerpt":{"rendered":"<p>Es un aceite ideal para pieles delicadas, tanto en beb\u00e9s como en ancianos, para irritaciones, picores externos, grietas y masaje.<\/p>\n","protected":false},"featured_media":3237,"comment_status":"open","ping_status":"closed","template":"","meta":[],"product_brand":[463],"product_cat":[374],"product_tag":[502,510,500,501,511,509,503],"class_list":{"0":"post-3236","1":"product","2":"type-product","3":"status-publish","4":"has-post-thumbnail","6":"product_brand-drasanvi","7":"product_cat-aceites-esenciales","8":"product_tag-heredia","9":"product_tag-irritacion","10":"product_tag-macrobiotica","11":"product_tag-natural","12":"product_tag-picason","13":"product_tag-piel","14":"product_tag-san-pablo","16":"first","17":"instock","18":"shipping-taxable","19":"purchasable","20":"product-type-simple"},"jetpack_sharing_enabled":true,"_links":{"self":[{"href":"https:\/\/macronaturalsshop.com\/index.php?rest_route=\/wp\/v2\/product\/3236"}],"collection":[{"href":"https:\/\/macronaturalsshop.com\/index.php?rest_route=\/wp\/v2\/product"}],"about":[{"href":"https:\/\/macronaturalsshop.com\/index.php?rest_route=\/wp\/v2\/types\/product"}],"replies":[{"embeddable":true,"href":"https:\/\/macronaturalsshop.com\/index.php?rest_route=%2Fwp%2Fv2%2Fcomments&post=3236"}],"wp:featuredmedia":[{"embeddable":true,"href":"https:\/\/macronaturalsshop.com\/index.php?rest_route=\/wp\/v2\/media\/3237"}],"wp:attachment":[{"href":"https:\/\/macronaturalsshop.com\/index.php?rest_route=%2Fwp%2Fv2%2Fmedia&parent=3236"}],"wp:term":[{"taxonomy":"product_brand","embeddable":true,"href":"https:\/\/macronaturalsshop.com\/index.php?rest_route=%2Fwp%2Fv2%2Fproduct_brand&post=3236"},{"taxonomy":"product_cat","embeddable":true,"href":"https:\/\/macronaturalsshop.com\/index.php?rest_route=%2Fwp%2Fv2%2Fproduct_cat&post=3236"},{"taxonomy":"product_tag","embeddable":true,"href":"https:\/\/macronaturalsshop.com\/index.php?rest_route=%2Fwp%2Fv2%2Fproduct_tag&post=3236"}],"curies":[{"name":"wp","href":"https:\/\/api.w.org\/{rel}","templated":true}]}}