{"id":3238,"date":"2025-07-22T23:30:49","date_gmt":"2025-07-22T23:30:49","guid":{"rendered":"https:\/\/macronaturalsshop.com\/?post_type=product&#038;p=3238"},"modified":"2025-07-23T01:23:07","modified_gmt":"2025-07-23T01:23:07","slug":"aceite-argan-50ml","status":"publish","type":"product","link":"https:\/\/macronaturalsshop.com\/?product=aceite-argan-50ml","title":{"rendered":"Aceite Arg\u00e1n 50ml"},"content":{"rendered":"<p>El aceite vegetal de Arg\u00e1n de Vitaroms es obtenido por primera presi\u00f3n en fr\u00edo de las semillas maduras de Argania spinosa. Esto nos asegura que todos sus componentes se mantengan intactos proporcionando, as\u00ed, grandes beneficios al organismo. Contiene, alrededor de un tercio de \u00e1cidos grasos poliinsaturados (Omega 6), tambi\u00e9n \u00e1cidos grasos monoinsaturados y saturados, as\u00ed como Vitamina E y rico en fitosteroles, que le confieren propiedades restaurativas y tonificantes sobre la piel, devolvi\u00e9ndole la vitalidad y un mejor aspecto<\/p>\n","protected":false},"excerpt":{"rendered":"<p>Este aceite es el aliado perfecto para pieles envejecidas o castigadas por el paso del tiempo o las inclemencias clim\u00e1ticas, as\u00ed como, para ayudar a regenerar tejidos agrietados o cicatrices.<\/p>\n","protected":false},"featured_media":3239,"comment_status":"open","ping_status":"closed","template":"","meta":[],"product_brand":[463],"product_cat":[408],"product_tag":[524,502,500,501,520,525,503],"class_list":{"0":"post-3238","1":"product","2":"type-product","3":"status-publish","4":"has-post-thumbnail","6":"product_brand-drasanvi","7":"product_cat-cuidado-personal","8":"product_tag-cuidado-de-piel","9":"product_tag-heredia","10":"product_tag-macrobiotica","11":"product_tag-natural","12":"product_tag-natural-shop","13":"product_tag-piel-envejecidad","14":"product_tag-san-pablo","16":"first","17":"instock","18":"shipping-taxable","19":"purchasable","20":"product-type-simple"},"jetpack_sharing_enabled":true,"_links":{"self":[{"href":"https:\/\/macronaturalsshop.com\/index.php?rest_route=\/wp\/v2\/product\/3238"}],"collection":[{"href":"https:\/\/macronaturalsshop.com\/index.php?rest_route=\/wp\/v2\/product"}],"about":[{"href":"https:\/\/macronaturalsshop.com\/index.php?rest_route=\/wp\/v2\/types\/product"}],"replies":[{"embeddable":true,"href":"https:\/\/macronaturalsshop.com\/index.php?rest_route=%2Fwp%2Fv2%2Fcomments&post=3238"}],"wp:featuredmedia":[{"embeddable":true,"href":"https:\/\/macronaturalsshop.com\/index.php?rest_route=\/wp\/v2\/media\/3239"}],"wp:attachment":[{"href":"https:\/\/macronaturalsshop.com\/index.php?rest_route=%2Fwp%2Fv2%2Fmedia&parent=3238"}],"wp:term":[{"taxonomy":"product_brand","embeddable":true,"href":"https:\/\/macronaturalsshop.com\/index.php?rest_route=%2Fwp%2Fv2%2Fproduct_brand&post=3238"},{"taxonomy":"product_cat","embeddable":true,"href":"https:\/\/macronaturalsshop.com\/index.php?rest_route=%2Fwp%2Fv2%2Fproduct_cat&post=3238"},{"taxonomy":"product_tag","embeddable":true,"href":"https:\/\/macronaturalsshop.com\/index.php?rest_route=%2Fwp%2Fv2%2Fproduct_tag&post=3238"}],"curies":[{"name":"wp","href":"https:\/\/api.w.org\/{rel}","templated":true}]}}