{"id":3240,"date":"2025-09-06T08:55:54","date_gmt":"2025-09-06T08:55:54","guid":{"rendered":"https:\/\/macronaturalsshop.com\/?post_type=product&#038;p=3240"},"modified":"2025-09-07T03:38:16","modified_gmt":"2025-09-07T03:38:16","slug":"aceite-jojoba-50ml","status":"publish","type":"product","link":"https:\/\/macronaturalsshop.com\/?product=aceite-jojoba-50ml","title":{"rendered":"Aceite Vegetal Jojoba Bio Cosmos Organic 50 ml Vitaroms"},"content":{"rendered":"<p>La jojoba es un arbusto procedente de los desiertos de M\u00e9xico y Estados Unidos. Es el \u00fanico vegetal que produce una cera l\u00edquida (\u00e9ster), adem\u00e1s, muy similar al sebo humano. Tanto en cosm\u00e9tica natural o ecol\u00f3gica, el aceite vegetal de jojoba es muy usado, ya que se adapta a todo tipo de pieles, proporcionando un efecto seborregulador.<\/p>\n<p>El aceite vegetal de Jojoba de Vitaroms es obtenido por primera presi\u00f3n en fr\u00edo de las semillas maduras de\u00a0<em>Simmondsia sinensis.\u00a0<\/em>Esto nos asegura que todos sus componentes se mantengan intactos, proporcionando, as\u00ed, grandes beneficios al organismo. Contiene un 80% de \u00e1cidos grasos monoinsaturados y ceramidas. Su textura es espesa, aunque de f\u00e1cil manejo. Penetra muy f\u00e1cilmente y proporciona una tez satinada, incluso en pieles grasas.<\/p>\n","protected":false},"excerpt":{"rendered":"<p>El aceite vegetal de jojoba es muy usado, ya que se adapta a todo tipo de pieles, proporcionando un efecto seborregulador.<\/p>\n","protected":false},"featured_media":3241,"comment_status":"open","ping_status":"closed","template":"","meta":[],"product_brand":[463],"product_cat":[374],"product_tag":[642,502,501,520,503],"class_list":{"0":"post-3240","1":"product","2":"type-product","3":"status-publish","4":"has-post-thumbnail","6":"product_brand-drasanvi","7":"product_cat-aceites-esenciales","8":"product_tag-aceite-essencial","9":"product_tag-heredia","10":"product_tag-natural","11":"product_tag-natural-shop","12":"product_tag-san-pablo","14":"first","15":"instock","16":"shipping-taxable","17":"purchasable","18":"product-type-simple"},"jetpack_sharing_enabled":true,"_links":{"self":[{"href":"https:\/\/macronaturalsshop.com\/index.php?rest_route=\/wp\/v2\/product\/3240"}],"collection":[{"href":"https:\/\/macronaturalsshop.com\/index.php?rest_route=\/wp\/v2\/product"}],"about":[{"href":"https:\/\/macronaturalsshop.com\/index.php?rest_route=\/wp\/v2\/types\/product"}],"replies":[{"embeddable":true,"href":"https:\/\/macronaturalsshop.com\/index.php?rest_route=%2Fwp%2Fv2%2Fcomments&post=3240"}],"wp:featuredmedia":[{"embeddable":true,"href":"https:\/\/macronaturalsshop.com\/index.php?rest_route=\/wp\/v2\/media\/3241"}],"wp:attachment":[{"href":"https:\/\/macronaturalsshop.com\/index.php?rest_route=%2Fwp%2Fv2%2Fmedia&parent=3240"}],"wp:term":[{"taxonomy":"product_brand","embeddable":true,"href":"https:\/\/macronaturalsshop.com\/index.php?rest_route=%2Fwp%2Fv2%2Fproduct_brand&post=3240"},{"taxonomy":"product_cat","embeddable":true,"href":"https:\/\/macronaturalsshop.com\/index.php?rest_route=%2Fwp%2Fv2%2Fproduct_cat&post=3240"},{"taxonomy":"product_tag","embeddable":true,"href":"https:\/\/macronaturalsshop.com\/index.php?rest_route=%2Fwp%2Fv2%2Fproduct_tag&post=3240"}],"curies":[{"name":"wp","href":"https:\/\/api.w.org\/{rel}","templated":true}]}}