{"id":3244,"date":"2025-09-06T09:05:38","date_gmt":"2025-09-06T09:05:38","guid":{"rendered":"https:\/\/macronaturalsshop.com\/?post_type=product&#038;p=3244"},"modified":"2025-09-07T03:42:45","modified_gmt":"2025-09-07T03:42:45","slug":"aceite-rosa-mosqueta-50ml","status":"publish","type":"product","link":"https:\/\/macronaturalsshop.com\/?product=aceite-rosa-mosqueta-50ml","title":{"rendered":"Aceite Vegetal Rosa Mosqueta Bio Cosmos Organic 50 ml Vitaroms"},"content":{"rendered":"<p>La rosa mosqueta es un arbusto silvestre de la familia de las ros\u00e1ceas. Se cultiva, sobre todo, en Reino Unido, aunque el descubrimiento de sus propiedades se realiz\u00f3 en unas investigaciones de la Universidad de Concepci\u00f3n, en Chile, durante la d\u00e9cada de los 80. El aceite vegetal se obtiene por presi\u00f3n en fr\u00edo de las semillas.<\/p>\n<p>El aceite vegetal de Rosa Mosqueta de Vitaroms es obtenido por primera presi\u00f3n en fr\u00edo de las semillas maduras de\u00a0<em>Rosa canina.\u00a0<\/em>Esto nos asegura que todos sus componentes se mantengan intactos, proporcionando, as\u00ed, grandes beneficios al organismo. Contiene un 80% de \u00e1cidos grasos poliinsaturados, los cuales estimulan la regeneraci\u00f3n natural de la piel. La aplicaci\u00f3n diaria de este aceite proporcionar\u00e1 los nutrientes necesarios para mantener una piel joven y saludable.<\/p>\n","protected":false},"excerpt":{"rendered":"<p>La aplicaci\u00f3n diaria de este aceite proporcionar\u00e1 los nutrientes necesarios para mantener una piel joven y saludable.<\/p>\n","protected":false},"featured_media":3245,"comment_status":"open","ping_status":"closed","template":"","meta":[],"product_brand":[463],"product_cat":[374],"product_tag":[642,502,500,520,503],"class_list":{"0":"post-3244","1":"product","2":"type-product","3":"status-publish","4":"has-post-thumbnail","6":"product_brand-drasanvi","7":"product_cat-aceites-esenciales","8":"product_tag-aceite-essencial","9":"product_tag-heredia","10":"product_tag-macrobiotica","11":"product_tag-natural-shop","12":"product_tag-san-pablo","14":"first","15":"instock","16":"shipping-taxable","17":"purchasable","18":"product-type-simple"},"jetpack_sharing_enabled":true,"_links":{"self":[{"href":"https:\/\/macronaturalsshop.com\/index.php?rest_route=\/wp\/v2\/product\/3244"}],"collection":[{"href":"https:\/\/macronaturalsshop.com\/index.php?rest_route=\/wp\/v2\/product"}],"about":[{"href":"https:\/\/macronaturalsshop.com\/index.php?rest_route=\/wp\/v2\/types\/product"}],"replies":[{"embeddable":true,"href":"https:\/\/macronaturalsshop.com\/index.php?rest_route=%2Fwp%2Fv2%2Fcomments&post=3244"}],"wp:featuredmedia":[{"embeddable":true,"href":"https:\/\/macronaturalsshop.com\/index.php?rest_route=\/wp\/v2\/media\/3245"}],"wp:attachment":[{"href":"https:\/\/macronaturalsshop.com\/index.php?rest_route=%2Fwp%2Fv2%2Fmedia&parent=3244"}],"wp:term":[{"taxonomy":"product_brand","embeddable":true,"href":"https:\/\/macronaturalsshop.com\/index.php?rest_route=%2Fwp%2Fv2%2Fproduct_brand&post=3244"},{"taxonomy":"product_cat","embeddable":true,"href":"https:\/\/macronaturalsshop.com\/index.php?rest_route=%2Fwp%2Fv2%2Fproduct_cat&post=3244"},{"taxonomy":"product_tag","embeddable":true,"href":"https:\/\/macronaturalsshop.com\/index.php?rest_route=%2Fwp%2Fv2%2Fproduct_tag&post=3244"}],"curies":[{"name":"wp","href":"https:\/\/api.w.org\/{rel}","templated":true}]}}