{"id":3246,"date":"2025-07-22T23:42:40","date_gmt":"2025-07-22T23:42:40","guid":{"rendered":"https:\/\/macronaturalsshop.com\/?post_type=product&#038;p=3246"},"modified":"2025-07-23T01:32:31","modified_gmt":"2025-07-23T01:32:31","slug":"aceite-arnica-50ml","status":"publish","type":"product","link":"https:\/\/macronaturalsshop.com\/?product=aceite-arnica-50ml","title":{"rendered":"Aceite \u00c1rnica 50ml"},"content":{"rendered":"<p>El aceite vegetal de \u00c1rnica de Vitaroms es obtenido por la maceraci\u00f3n de sus flores en un aceite base BIO. Esto nos asegura contar con todas las propiedades que nos ofrece la planta y, adem\u00e1s, todos los beneficios de un aceite de base BIO, el cual contiene todos sus \u00e1cidos grasos, minerales y vitaminas intactos.<\/p>\n","protected":false},"excerpt":{"rendered":"<p>Este aceite es conocido como el \u00abcura moratones o chichones\u00bb de los ni\u00f1os y lo podemos encontrar en diferentes formas gal\u00e9nicas para este fin. Tambi\u00e9n, es el aceite de los m\u00e1s aventureros, ya que ser\u00e1 un recurso de primera emergencia para aliviar posibles contusiones<\/p>\n","protected":false},"featured_media":3247,"comment_status":"open","ping_status":"closed","template":"","meta":[],"product_brand":[463],"product_cat":[374,408,411],"product_tag":[529,527,502,500,528,501,520,503],"class_list":{"0":"post-3246","1":"product","2":"type-product","3":"status-publish","4":"has-post-thumbnail","6":"product_brand-drasanvi","7":"product_cat-aceites-esenciales","8":"product_cat-cuidado-personal","9":"product_cat-ninos","10":"product_tag-alergias-de-piel","11":"product_tag-golpes","12":"product_tag-heredia","13":"product_tag-macrobiotica","14":"product_tag-moreton","15":"product_tag-natural","16":"product_tag-natural-shop","17":"product_tag-san-pablo","19":"first","20":"instock","21":"shipping-taxable","22":"purchasable","23":"product-type-simple"},"jetpack_sharing_enabled":true,"_links":{"self":[{"href":"https:\/\/macronaturalsshop.com\/index.php?rest_route=\/wp\/v2\/product\/3246"}],"collection":[{"href":"https:\/\/macronaturalsshop.com\/index.php?rest_route=\/wp\/v2\/product"}],"about":[{"href":"https:\/\/macronaturalsshop.com\/index.php?rest_route=\/wp\/v2\/types\/product"}],"replies":[{"embeddable":true,"href":"https:\/\/macronaturalsshop.com\/index.php?rest_route=%2Fwp%2Fv2%2Fcomments&post=3246"}],"wp:featuredmedia":[{"embeddable":true,"href":"https:\/\/macronaturalsshop.com\/index.php?rest_route=\/wp\/v2\/media\/3247"}],"wp:attachment":[{"href":"https:\/\/macronaturalsshop.com\/index.php?rest_route=%2Fwp%2Fv2%2Fmedia&parent=3246"}],"wp:term":[{"taxonomy":"product_brand","embeddable":true,"href":"https:\/\/macronaturalsshop.com\/index.php?rest_route=%2Fwp%2Fv2%2Fproduct_brand&post=3246"},{"taxonomy":"product_cat","embeddable":true,"href":"https:\/\/macronaturalsshop.com\/index.php?rest_route=%2Fwp%2Fv2%2Fproduct_cat&post=3246"},{"taxonomy":"product_tag","embeddable":true,"href":"https:\/\/macronaturalsshop.com\/index.php?rest_route=%2Fwp%2Fv2%2Fproduct_tag&post=3246"}],"curies":[{"name":"wp","href":"https:\/\/api.w.org\/{rel}","templated":true}]}}