{"id":3248,"date":"2025-09-06T09:15:10","date_gmt":"2025-09-06T09:15:10","guid":{"rendered":"https:\/\/macronaturalsshop.com\/?post_type=product&#038;p=3248"},"modified":"2025-09-07T03:45:47","modified_gmt":"2025-09-07T03:45:47","slug":"aceite-energia-30ml","status":"publish","type":"product","link":"https:\/\/macronaturalsshop.com\/?product=aceite-energia-30ml","title":{"rendered":"Sinergia difusi\u00f3n ENERG\u00cdA BIO 30ml"},"content":{"rendered":"<p>Las sinergias de difusi\u00f3n combinan diferentes aceites esenciales para crear un ambiente agradable y limpio, liberando diferentes notas olfativas que proporcionan una agradable sensaci\u00f3n de bienestar.<\/p>\n","protected":false},"excerpt":{"rendered":"<p>Las sinergias de difusi\u00f3n combinan diferentes aceites esenciales para crear un ambiente agradable y limpio, liberando diferentes notas olfativas que proporcionan una agradable sensaci\u00f3n de bienestar.<\/p>\n","protected":false},"featured_media":3249,"comment_status":"open","ping_status":"closed","template":"","meta":[],"product_brand":[463],"product_cat":[374],"product_tag":[642,502,520,503],"class_list":{"0":"post-3248","1":"product","2":"type-product","3":"status-publish","4":"has-post-thumbnail","6":"product_brand-drasanvi","7":"product_cat-aceites-esenciales","8":"product_tag-aceite-essencial","9":"product_tag-heredia","10":"product_tag-natural-shop","11":"product_tag-san-pablo","13":"first","14":"instock","15":"shipping-taxable","16":"purchasable","17":"product-type-simple"},"jetpack_sharing_enabled":true,"_links":{"self":[{"href":"https:\/\/macronaturalsshop.com\/index.php?rest_route=\/wp\/v2\/product\/3248"}],"collection":[{"href":"https:\/\/macronaturalsshop.com\/index.php?rest_route=\/wp\/v2\/product"}],"about":[{"href":"https:\/\/macronaturalsshop.com\/index.php?rest_route=\/wp\/v2\/types\/product"}],"replies":[{"embeddable":true,"href":"https:\/\/macronaturalsshop.com\/index.php?rest_route=%2Fwp%2Fv2%2Fcomments&post=3248"}],"wp:featuredmedia":[{"embeddable":true,"href":"https:\/\/macronaturalsshop.com\/index.php?rest_route=\/wp\/v2\/media\/3249"}],"wp:attachment":[{"href":"https:\/\/macronaturalsshop.com\/index.php?rest_route=%2Fwp%2Fv2%2Fmedia&parent=3248"}],"wp:term":[{"taxonomy":"product_brand","embeddable":true,"href":"https:\/\/macronaturalsshop.com\/index.php?rest_route=%2Fwp%2Fv2%2Fproduct_brand&post=3248"},{"taxonomy":"product_cat","embeddable":true,"href":"https:\/\/macronaturalsshop.com\/index.php?rest_route=%2Fwp%2Fv2%2Fproduct_cat&post=3248"},{"taxonomy":"product_tag","embeddable":true,"href":"https:\/\/macronaturalsshop.com\/index.php?rest_route=%2Fwp%2Fv2%2Fproduct_tag&post=3248"}],"curies":[{"name":"wp","href":"https:\/\/api.w.org\/{rel}","templated":true}]}}