{"id":3256,"date":"2025-09-07T01:15:34","date_gmt":"2025-09-07T01:15:34","guid":{"rendered":"https:\/\/macronaturalsshop.com\/?post_type=product&#038;p=3256"},"modified":"2025-09-08T01:26:46","modified_gmt":"2025-09-08T01:26:46","slug":"aceite-dulces-suenos-30ml","status":"publish","type":"product","link":"https:\/\/macronaturalsshop.com\/?product=aceite-dulces-suenos-30ml","title":{"rendered":"Sinergia difusi\u00f3n DULCES SUE\u00d1OS BIO 30ml"},"content":{"rendered":"<p>Las sinergias de difusi\u00f3n combinan diferentes aceites esenciales para crear un ambiente agradable y limpio, liberando diferentes notas olfativas que proporcionan una agradable sensaci\u00f3n de bienestar.<\/p>\n","protected":false},"excerpt":{"rendered":"<p>Las sinergias de difusi\u00f3n combinan diferentes aceites esenciales para crear un ambiente agradable y limpio, liberando diferentes notas olfativas que proporcionan una agradable sensaci\u00f3n de bienestar.<\/p>\n","protected":false},"featured_media":3257,"comment_status":"open","ping_status":"closed","template":"","meta":[],"product_brand":[463],"product_cat":[374],"product_tag":[642,502,501,520,503],"class_list":{"0":"post-3256","1":"product","2":"type-product","3":"status-publish","4":"has-post-thumbnail","6":"product_brand-drasanvi","7":"product_cat-aceites-esenciales","8":"product_tag-aceite-essencial","9":"product_tag-heredia","10":"product_tag-natural","11":"product_tag-natural-shop","12":"product_tag-san-pablo","14":"first","15":"instock","16":"shipping-taxable","17":"purchasable","18":"product-type-simple"},"jetpack_sharing_enabled":true,"_links":{"self":[{"href":"https:\/\/macronaturalsshop.com\/index.php?rest_route=\/wp\/v2\/product\/3256"}],"collection":[{"href":"https:\/\/macronaturalsshop.com\/index.php?rest_route=\/wp\/v2\/product"}],"about":[{"href":"https:\/\/macronaturalsshop.com\/index.php?rest_route=\/wp\/v2\/types\/product"}],"replies":[{"embeddable":true,"href":"https:\/\/macronaturalsshop.com\/index.php?rest_route=%2Fwp%2Fv2%2Fcomments&post=3256"}],"wp:featuredmedia":[{"embeddable":true,"href":"https:\/\/macronaturalsshop.com\/index.php?rest_route=\/wp\/v2\/media\/3257"}],"wp:attachment":[{"href":"https:\/\/macronaturalsshop.com\/index.php?rest_route=%2Fwp%2Fv2%2Fmedia&parent=3256"}],"wp:term":[{"taxonomy":"product_brand","embeddable":true,"href":"https:\/\/macronaturalsshop.com\/index.php?rest_route=%2Fwp%2Fv2%2Fproduct_brand&post=3256"},{"taxonomy":"product_cat","embeddable":true,"href":"https:\/\/macronaturalsshop.com\/index.php?rest_route=%2Fwp%2Fv2%2Fproduct_cat&post=3256"},{"taxonomy":"product_tag","embeddable":true,"href":"https:\/\/macronaturalsshop.com\/index.php?rest_route=%2Fwp%2Fv2%2Fproduct_tag&post=3256"}],"curies":[{"name":"wp","href":"https:\/\/api.w.org\/{rel}","templated":true}]}}