{"id":3266,"date":"2025-08-15T02:10:20","date_gmt":"2025-08-15T02:10:20","guid":{"rendered":"https:\/\/macronaturalsshop.com\/?post_type=product&#038;p=3266"},"modified":"2025-08-15T17:32:14","modified_gmt":"2025-08-15T17:32:14","slug":"silicio-organico-1l-6100-mg","status":"publish","type":"product","link":"https:\/\/macronaturalsshop.com\/?product=silicio-organico-1l-6100-mg","title":{"rendered":"Silicio Org\u00e1nico 6100mg 1L"},"content":{"rendered":"<p>El Silicio est\u00e1 presente en el organismo en muy peque\u00f1as cantidades. Es el segundo elemento m\u00e1s abundante de la corteza terrestre, 27,7% en peso, despu\u00e9s del ox\u00edgeno.<\/p>\n","protected":false},"excerpt":{"rendered":"<p>El silicio contribuye al mantenimiento de cabello, piel, u\u00f1as, huesos y articulaciones en condiciones normales.<\/p>\n","protected":false},"featured_media":5007,"comment_status":"open","ping_status":"closed","template":"","meta":[],"product_brand":[463],"product_cat":[380,398],"product_tag":[558,582,502,563,500,501,520,503,581],"class_list":{"0":"post-3266","1":"product","2":"type-product","3":"status-publish","4":"has-post-thumbnail","6":"product_brand-drasanvi","7":"product_cat-articulaciones","8":"product_cat-vit-y-min","9":"product_tag-articulaciones","10":"product_tag-cabello","11":"product_tag-heredia","12":"product_tag-huesos","13":"product_tag-macrobiotica","14":"product_tag-natural","15":"product_tag-natural-shop","16":"product_tag-san-pablo","17":"product_tag-unas","19":"first","20":"instock","21":"shipping-taxable","22":"purchasable","23":"product-type-simple"},"jetpack_sharing_enabled":true,"_links":{"self":[{"href":"https:\/\/macronaturalsshop.com\/index.php?rest_route=\/wp\/v2\/product\/3266"}],"collection":[{"href":"https:\/\/macronaturalsshop.com\/index.php?rest_route=\/wp\/v2\/product"}],"about":[{"href":"https:\/\/macronaturalsshop.com\/index.php?rest_route=\/wp\/v2\/types\/product"}],"replies":[{"embeddable":true,"href":"https:\/\/macronaturalsshop.com\/index.php?rest_route=%2Fwp%2Fv2%2Fcomments&post=3266"}],"wp:featuredmedia":[{"embeddable":true,"href":"https:\/\/macronaturalsshop.com\/index.php?rest_route=\/wp\/v2\/media\/5007"}],"wp:attachment":[{"href":"https:\/\/macronaturalsshop.com\/index.php?rest_route=%2Fwp%2Fv2%2Fmedia&parent=3266"}],"wp:term":[{"taxonomy":"product_brand","embeddable":true,"href":"https:\/\/macronaturalsshop.com\/index.php?rest_route=%2Fwp%2Fv2%2Fproduct_brand&post=3266"},{"taxonomy":"product_cat","embeddable":true,"href":"https:\/\/macronaturalsshop.com\/index.php?rest_route=%2Fwp%2Fv2%2Fproduct_cat&post=3266"},{"taxonomy":"product_tag","embeddable":true,"href":"https:\/\/macronaturalsshop.com\/index.php?rest_route=%2Fwp%2Fv2%2Fproduct_tag&post=3266"}],"curies":[{"name":"wp","href":"https:\/\/api.w.org\/{rel}","templated":true}]}}