{"id":3270,"date":"2025-09-07T01:30:15","date_gmt":"2025-09-07T01:30:15","guid":{"rendered":"https:\/\/macronaturalsshop.com\/?post_type=product&#038;p=3270"},"modified":"2025-09-08T01:31:08","modified_gmt":"2025-09-08T01:31:08","slug":"botanica-bio-harpagofito-50ml","status":"publish","type":"product","link":"https:\/\/macronaturalsshop.com\/?product=botanica-bio-harpagofito-50ml","title":{"rendered":"Glicerinado de Harpagofito 50 ml Botanical Bio"},"content":{"rendered":"<p>El Harpagofito\u00a0<em>(Harpagophytum procumbens)<\/em>\u00a0es una planta con hojas dentadas, fruto en forma de garra que se engancha al pelo de los animales para mejorar su dispersi\u00f3n y profundas ra\u00edces que penetran en la tierra, de ah\u00ed que se denomine com\u00fanmente G<em>arra del Diablo<\/em>. Conocidas son sus propiedades por varias civilizaciones, como los bosquimanos que lo han utilizado durante a\u00f1os. Posteriormente, en 1960 llega a Europa, donde se comienza a utilizar ampliamente. Hemos seleccionado un extracto glicerinado de Harpagofito con un ratio 1:3. Esto significa que por cada gramo de extracto se han utilizado 3 gramos de planta. Nuestro extracto glicerinado de Harpagofito est\u00e1 titulado en Harpag\u00f3sidos 3,6 mg\/ ml, aportando 10,8 mg al d\u00eda.<\/p>\n","protected":false},"excerpt":{"rendered":"<p>Sus potentes propiedades relajantes, antiinflamatorias y analg\u00e9sicas son conocidas por varias civilizaciones que lo han utilizado durante a\u00f1os para tratar inflamaciones y dolores cr\u00f3nicos. Tiene\u00a0el poder de reducir las hormonas causantes del dolor y ayudar a disminuir la inflamaci\u00f3n. Por ello, es muy \u00fatil en el tratamiento de condiciones como la fibromialgia, reuma, artritis, artrosis, gota, tendinitis, migra\u00f1a y para dolores musculares, de los huesos y de las articulaciones.\u00a0Es antioxidante y poderoso diur\u00e9tico que asegura la eliminaci\u00f3n de desechos y toxinas del cuerpo, disminuyendo la retenci\u00f3n de l\u00edquidos.<\/p>\n","protected":false},"featured_media":3271,"comment_status":"open","ping_status":"closed","template":"","meta":[],"product_brand":[463],"product_cat":[393],"product_tag":[615,502,500,501,520,535,503],"class_list":{"0":"post-3270","1":"product","2":"type-product","3":"status-publish","4":"has-post-thumbnail","6":"product_brand-drasanvi","7":"product_cat-energia","8":"product_tag-antiinflamatorio","9":"product_tag-heredia","10":"product_tag-macrobiotica","11":"product_tag-natural","12":"product_tag-natural-shop","13":"product_tag-relajante","14":"product_tag-san-pablo","16":"first","17":"instock","18":"shipping-taxable","19":"purchasable","20":"product-type-simple"},"jetpack_sharing_enabled":true,"_links":{"self":[{"href":"https:\/\/macronaturalsshop.com\/index.php?rest_route=\/wp\/v2\/product\/3270"}],"collection":[{"href":"https:\/\/macronaturalsshop.com\/index.php?rest_route=\/wp\/v2\/product"}],"about":[{"href":"https:\/\/macronaturalsshop.com\/index.php?rest_route=\/wp\/v2\/types\/product"}],"replies":[{"embeddable":true,"href":"https:\/\/macronaturalsshop.com\/index.php?rest_route=%2Fwp%2Fv2%2Fcomments&post=3270"}],"wp:featuredmedia":[{"embeddable":true,"href":"https:\/\/macronaturalsshop.com\/index.php?rest_route=\/wp\/v2\/media\/3271"}],"wp:attachment":[{"href":"https:\/\/macronaturalsshop.com\/index.php?rest_route=%2Fwp%2Fv2%2Fmedia&parent=3270"}],"wp:term":[{"taxonomy":"product_brand","embeddable":true,"href":"https:\/\/macronaturalsshop.com\/index.php?rest_route=%2Fwp%2Fv2%2Fproduct_brand&post=3270"},{"taxonomy":"product_cat","embeddable":true,"href":"https:\/\/macronaturalsshop.com\/index.php?rest_route=%2Fwp%2Fv2%2Fproduct_cat&post=3270"},{"taxonomy":"product_tag","embeddable":true,"href":"https:\/\/macronaturalsshop.com\/index.php?rest_route=%2Fwp%2Fv2%2Fproduct_tag&post=3270"}],"curies":[{"name":"wp","href":"https:\/\/api.w.org\/{rel}","templated":true}]}}