{"id":3410,"date":"2025-08-29T06:00:29","date_gmt":"2025-08-29T06:00:29","guid":{"rendered":"https:\/\/macronaturalsshop.com\/?post_type=product&#038;p=3410"},"modified":"2025-08-29T22:48:58","modified_gmt":"2025-08-29T22:48:58","slug":"brewers-yeast-100mg","status":"publish","type":"product","link":"https:\/\/macronaturalsshop.com\/?product=brewers-yeast-100mg","title":{"rendered":"Brewer&#8217;s Yeast 1000 mg"},"content":{"rendered":"<p>Rico en nutrientes de origen vegetal. Es una fuente de prote\u00ednas, \u00e1cidos grasos esenciales (Omega), amino\u00e1cidos, vitaminas B y minerales. La prote\u00edna de la levadura es altamente digerible y proporciona fibra ayudando a fortalecer el sistema inmunol\u00f3gico y la salud de la piel. Es \u00fatil en personas bajo quimioterapia, ya que puede tener efectos positivos en el aumento de la capacidad f\u00edsica y mental.<\/p>\n","protected":false},"excerpt":{"rendered":"<p>La levadura de cerveza tiene un alto contenido de prote\u00ednas y vitaminas del grupo B.<\/p>\n<p>Vitamina B3, sirve para la buena salud del sistema nervioso y para la anemia.<\/p>\n<p>Regula el colesterol, no contiene az\u00facar.\u00a0 Funciona para hipertensos y diab\u00e9ticos, combate el estre\u00f1imiento, activa el sistema inmunol\u00f3gico.<\/p>\n","protected":false},"featured_media":3411,"comment_status":"open","ping_status":"closed","template":"","meta":[],"product_brand":[454],"product_cat":[379],"product_tag":[546,635,502,500,501,520,503,568],"class_list":{"0":"post-3410","1":"product","2":"type-product","3":"status-publish","4":"has-post-thumbnail","6":"product_brand-alfa","7":"product_cat-sistema-inmunologico","8":"product_tag-colesterol","9":"product_tag-estrenimiento","10":"product_tag-heredia","11":"product_tag-macrobiotica","12":"product_tag-natural","13":"product_tag-natural-shop","14":"product_tag-san-pablo","15":"product_tag-vitaminas","17":"first","18":"instock","19":"shipping-taxable","20":"purchasable","21":"product-type-simple"},"jetpack_sharing_enabled":true,"_links":{"self":[{"href":"https:\/\/macronaturalsshop.com\/index.php?rest_route=\/wp\/v2\/product\/3410"}],"collection":[{"href":"https:\/\/macronaturalsshop.com\/index.php?rest_route=\/wp\/v2\/product"}],"about":[{"href":"https:\/\/macronaturalsshop.com\/index.php?rest_route=\/wp\/v2\/types\/product"}],"replies":[{"embeddable":true,"href":"https:\/\/macronaturalsshop.com\/index.php?rest_route=%2Fwp%2Fv2%2Fcomments&post=3410"}],"wp:featuredmedia":[{"embeddable":true,"href":"https:\/\/macronaturalsshop.com\/index.php?rest_route=\/wp\/v2\/media\/3411"}],"wp:attachment":[{"href":"https:\/\/macronaturalsshop.com\/index.php?rest_route=%2Fwp%2Fv2%2Fmedia&parent=3410"}],"wp:term":[{"taxonomy":"product_brand","embeddable":true,"href":"https:\/\/macronaturalsshop.com\/index.php?rest_route=%2Fwp%2Fv2%2Fproduct_brand&post=3410"},{"taxonomy":"product_cat","embeddable":true,"href":"https:\/\/macronaturalsshop.com\/index.php?rest_route=%2Fwp%2Fv2%2Fproduct_cat&post=3410"},{"taxonomy":"product_tag","embeddable":true,"href":"https:\/\/macronaturalsshop.com\/index.php?rest_route=%2Fwp%2Fv2%2Fproduct_tag&post=3410"}],"curies":[{"name":"wp","href":"https:\/\/api.w.org\/{rel}","templated":true}]}}