{"id":3421,"date":"2025-08-05T09:00:10","date_gmt":"2025-08-05T09:00:10","guid":{"rendered":"https:\/\/macronaturalsshop.com\/?post_type=product&#038;p=3421"},"modified":"2025-08-06T02:43:00","modified_gmt":"2025-08-06T02:43:00","slug":"coq-10-100mg-30-capsulas","status":"publish","type":"product","link":"https:\/\/macronaturalsshop.com\/?product=coq-10-100mg-30-capsulas","title":{"rendered":"CoQ 10 100mg"},"content":{"rendered":"<p>Coenzima Q10 es un nutriente natural conocido como coenzima Q-10, ubiquinona. Est\u00e1 presente en todas las c\u00e9lulas del cuerpo, sin embargo su mayor concentraci\u00f3n se encuentra en los m\u00fasculos del coraz\u00f3n, debido a la alta cantidad de energ\u00eda requerida por este \u00f3rgano. La coenzima Q-10 es imprescindible a nivel celular, ya que convierte la grasa y el az\u00facar en energ\u00eda, mantiene la flexibilidad en la membrana de las c\u00e9lulas y es considerada un potente antioxidante, sin embargo su concentraci\u00f3n se ve disminuida conforme aumenta la edad.<\/p>\n","protected":false},"excerpt":{"rendered":"<p>El suplemento ayuda a mantener el equilibrio adecuado de este nutriente, ayudado tambi\u00e9n as\u00ed al sistema cardiovascular e inmunol\u00f3gico, participa en la producci\u00f3n de energ\u00eda del cuerpo y apoya la salud de los nervios.<\/p>\n","protected":false},"featured_media":3829,"comment_status":"open","ping_status":"closed","template":"","meta":[],"product_brand":[454],"product_cat":[382,380,379],"product_tag":[564,502,500,501,520,503],"class_list":{"0":"post-3421","1":"product","2":"type-product","3":"status-publish","4":"has-post-thumbnail","6":"product_brand-alfa","7":"product_cat-antioxidante","8":"product_cat-articulaciones","9":"product_cat-sistema-inmunologico","10":"product_tag-antioxidante","11":"product_tag-heredia","12":"product_tag-macrobiotica","13":"product_tag-natural","14":"product_tag-natural-shop","15":"product_tag-san-pablo","17":"first","18":"instock","19":"shipping-taxable","20":"purchasable","21":"product-type-simple"},"jetpack_sharing_enabled":true,"_links":{"self":[{"href":"https:\/\/macronaturalsshop.com\/index.php?rest_route=\/wp\/v2\/product\/3421"}],"collection":[{"href":"https:\/\/macronaturalsshop.com\/index.php?rest_route=\/wp\/v2\/product"}],"about":[{"href":"https:\/\/macronaturalsshop.com\/index.php?rest_route=\/wp\/v2\/types\/product"}],"replies":[{"embeddable":true,"href":"https:\/\/macronaturalsshop.com\/index.php?rest_route=%2Fwp%2Fv2%2Fcomments&post=3421"}],"wp:featuredmedia":[{"embeddable":true,"href":"https:\/\/macronaturalsshop.com\/index.php?rest_route=\/wp\/v2\/media\/3829"}],"wp:attachment":[{"href":"https:\/\/macronaturalsshop.com\/index.php?rest_route=%2Fwp%2Fv2%2Fmedia&parent=3421"}],"wp:term":[{"taxonomy":"product_brand","embeddable":true,"href":"https:\/\/macronaturalsshop.com\/index.php?rest_route=%2Fwp%2Fv2%2Fproduct_brand&post=3421"},{"taxonomy":"product_cat","embeddable":true,"href":"https:\/\/macronaturalsshop.com\/index.php?rest_route=%2Fwp%2Fv2%2Fproduct_cat&post=3421"},{"taxonomy":"product_tag","embeddable":true,"href":"https:\/\/macronaturalsshop.com\/index.php?rest_route=%2Fwp%2Fv2%2Fproduct_tag&post=3421"}],"curies":[{"name":"wp","href":"https:\/\/api.w.org\/{rel}","templated":true}]}}