{"id":3425,"date":"2025-09-07T01:30:11","date_gmt":"2025-09-07T01:30:11","guid":{"rendered":"https:\/\/macronaturalsshop.com\/?post_type=product&#038;p=3425"},"modified":"2025-09-08T01:38:24","modified_gmt":"2025-09-08T01:38:24","slug":"dhea-50mg-60-capsulas","status":"publish","type":"product","link":"https:\/\/macronaturalsshop.com\/?product=dhea-50mg-60-capsulas","title":{"rendered":"DHEA 50mg"},"content":{"rendered":"<p><span>El Dehidroepiandrosterona es una sustancia hormonal producida por el cuerpo, en las gl\u00e1ndulas suprarrenales y el cerebro. Es abundante en la juventud, sin embargo despu\u00e9s de los 25 a\u00f1os empieza a disminuir. El suplemento presenta una serie de beneficios, entre los que se encuentran; apoya el sistema inmunol\u00f3gico, proporciona m\u00e1s energ\u00eda, aumenta la fuerza \u00f3sea y muscular, disminuye la inflamaci\u00f3n, mejora la integridad de la piel, aumenta la formaci\u00f3n de col\u00e1geno. El DHEA al desempe\u00f1ar un papel en las v\u00edas fisiol\u00f3gicas, se une a ciertos tipos de receptores y act\u00faa como un neuroesteroide que afecta directamente la excitabilidad neuronal, aumentando el deseo y la satisfacci\u00f3n sexual.<\/span><\/p>\n","protected":false},"excerpt":{"rendered":"<p>Apoya el sistema inmunol\u00f3gico, proporciona m\u00e1s energ\u00eda, aumenta la fuerza \u00f3sea y muscular, disminuye la inflamaci\u00f3n, mejora la integridad de la piel, aumenta la formaci\u00f3n de col\u00e1geno.<\/p>\n","protected":false},"featured_media":3426,"comment_status":"open","ping_status":"closed","template":"","meta":[],"product_brand":[454],"product_cat":[379],"product_tag":[615,560,502,500,505,501,520,503],"class_list":{"0":"post-3425","1":"product","2":"type-product","3":"status-publish","4":"has-post-thumbnail","6":"product_brand-alfa","7":"product_cat-sistema-inmunologico","8":"product_tag-antiinflamatorio","9":"product_tag-energia","10":"product_tag-heredia","11":"product_tag-macrobiotica","12":"product_tag-masa-muscular","13":"product_tag-natural","14":"product_tag-natural-shop","15":"product_tag-san-pablo","17":"first","18":"instock","19":"shipping-taxable","20":"purchasable","21":"product-type-simple"},"jetpack_sharing_enabled":true,"_links":{"self":[{"href":"https:\/\/macronaturalsshop.com\/index.php?rest_route=\/wp\/v2\/product\/3425"}],"collection":[{"href":"https:\/\/macronaturalsshop.com\/index.php?rest_route=\/wp\/v2\/product"}],"about":[{"href":"https:\/\/macronaturalsshop.com\/index.php?rest_route=\/wp\/v2\/types\/product"}],"replies":[{"embeddable":true,"href":"https:\/\/macronaturalsshop.com\/index.php?rest_route=%2Fwp%2Fv2%2Fcomments&post=3425"}],"wp:featuredmedia":[{"embeddable":true,"href":"https:\/\/macronaturalsshop.com\/index.php?rest_route=\/wp\/v2\/media\/3426"}],"wp:attachment":[{"href":"https:\/\/macronaturalsshop.com\/index.php?rest_route=%2Fwp%2Fv2%2Fmedia&parent=3425"}],"wp:term":[{"taxonomy":"product_brand","embeddable":true,"href":"https:\/\/macronaturalsshop.com\/index.php?rest_route=%2Fwp%2Fv2%2Fproduct_brand&post=3425"},{"taxonomy":"product_cat","embeddable":true,"href":"https:\/\/macronaturalsshop.com\/index.php?rest_route=%2Fwp%2Fv2%2Fproduct_cat&post=3425"},{"taxonomy":"product_tag","embeddable":true,"href":"https:\/\/macronaturalsshop.com\/index.php?rest_route=%2Fwp%2Fv2%2Fproduct_tag&post=3425"}],"curies":[{"name":"wp","href":"https:\/\/api.w.org\/{rel}","templated":true}]}}