{"id":3427,"date":"2025-08-11T01:50:05","date_gmt":"2025-08-11T01:50:05","guid":{"rendered":"https:\/\/macronaturalsshop.com\/?post_type=product&#038;p=3427"},"modified":"2025-08-11T20:10:11","modified_gmt":"2025-08-11T20:10:11","slug":"echinacea-1200mg-90-capsulas","status":"publish","type":"product","link":"https:\/\/macronaturalsshop.com\/?product=echinacea-1200mg-90-capsulas","title":{"rendered":"Echinacea 1200mg"},"content":{"rendered":"<p>Es un suplemento natural a base de equin\u00e1cea, planta originaria de Am\u00e9rica del norte, la cual contiene polisac\u00e1ridos y fitoesteroles, sustancias que activan las c\u00e9lulas del sistema inmunol\u00f3gico encargadas de destruir virus, bacterias y otros agentes infecciosos. Ayuda a evitar el resfriado com\u00fan, y la bronquitis.<\/p>\n","protected":false},"excerpt":{"rendered":"<p>Presenta una serie de beneficios para tratar padecimientos de la piel como lo son; herpes, candidiasis, eczema, psoriasis, entre otras infecciones.<\/p>\n","protected":false},"featured_media":3832,"comment_status":"open","ping_status":"closed","template":"","meta":[],"product_brand":[454],"product_cat":[414,408],"product_tag":[502,500,501,520,509,503],"class_list":{"0":"post-3427","1":"product","2":"type-product","3":"status-publish","4":"has-post-thumbnail","6":"product_brand-alfa","7":"product_cat-alergias","8":"product_cat-cuidado-personal","9":"product_tag-heredia","10":"product_tag-macrobiotica","11":"product_tag-natural","12":"product_tag-natural-shop","13":"product_tag-piel","14":"product_tag-san-pablo","16":"first","17":"instock","18":"shipping-taxable","19":"purchasable","20":"product-type-simple"},"jetpack_sharing_enabled":true,"_links":{"self":[{"href":"https:\/\/macronaturalsshop.com\/index.php?rest_route=\/wp\/v2\/product\/3427"}],"collection":[{"href":"https:\/\/macronaturalsshop.com\/index.php?rest_route=\/wp\/v2\/product"}],"about":[{"href":"https:\/\/macronaturalsshop.com\/index.php?rest_route=\/wp\/v2\/types\/product"}],"replies":[{"embeddable":true,"href":"https:\/\/macronaturalsshop.com\/index.php?rest_route=%2Fwp%2Fv2%2Fcomments&post=3427"}],"wp:featuredmedia":[{"embeddable":true,"href":"https:\/\/macronaturalsshop.com\/index.php?rest_route=\/wp\/v2\/media\/3832"}],"wp:attachment":[{"href":"https:\/\/macronaturalsshop.com\/index.php?rest_route=%2Fwp%2Fv2%2Fmedia&parent=3427"}],"wp:term":[{"taxonomy":"product_brand","embeddable":true,"href":"https:\/\/macronaturalsshop.com\/index.php?rest_route=%2Fwp%2Fv2%2Fproduct_brand&post=3427"},{"taxonomy":"product_cat","embeddable":true,"href":"https:\/\/macronaturalsshop.com\/index.php?rest_route=%2Fwp%2Fv2%2Fproduct_cat&post=3427"},{"taxonomy":"product_tag","embeddable":true,"href":"https:\/\/macronaturalsshop.com\/index.php?rest_route=%2Fwp%2Fv2%2Fproduct_tag&post=3427"}],"curies":[{"name":"wp","href":"https:\/\/api.w.org\/{rel}","templated":true}]}}